{"id":1972,"date":"2024-04-24T10:30:52","date_gmt":"2024-04-24T08:30:52","guid":{"rendered":"https:\/\/shoretension.com\/?page_id=1972"},"modified":"2026-03-25T14:23:34","modified_gmt":"2026-03-25T13:23:34","slug":"sobre-nosotras","status":"publish","type":"page","link":"https:\/\/shoretension.com\/es\/sobre-nosotras\/","title":{"rendered":"Sobre nosotras"},"content":{"rendered":"\t\t<div data-elementor-type=\"wp-page\" data-elementor-id=\"1972\" class=\"elementor elementor-1972 elementor-530\" data-elementor-post-type=\"page\">\n\t\t\t\t<div class=\"e-con-top elementor-element elementor-element-f99528e rey-section-stretched hoekje e-flex e-con-boxed elementor-invisible e-con e-parent\" data-id=\"f99528e\" data-element_type=\"container\" data-e-type=\"container\" data-settings=\"{&quot;background_background&quot;:&quot;classic&quot;,&quot;animation&quot;:&quot;fadeInDown&quot;}\">\n\t\t\t\t\t<div class=\"e-con-inner\">\n\t\t\t\t\t<\/div>\n\t\t\t\t<\/div>\n\t\t<div class=\"e-con-top elementor-element elementor-element-f695e7b e-flex e-con-boxed elementor-invisible e-con e-parent\" data-id=\"f695e7b\" data-element_type=\"container\" data-e-type=\"container\" data-settings=\"{&quot;animation&quot;:&quot;fadeInUp&quot;}\">\n\t\t\t\t\t<div class=\"e-con-inner\">\n\t\t<div class=\"elementor-element elementor-element-12c42f5 e-con-full e-flex e-con e-child\" data-id=\"12c42f5\" data-element_type=\"container\" data-e-type=\"container\">\n\t\t\t\t<div class=\"elementor-element elementor-element-be706eb elementor-widget elementor-widget-heading\" data-id=\"be706eb\" data-element_type=\"widget\" data-e-type=\"widget\" data-widget_type=\"heading.dynamic_title\">\n\t\t\t\t<div class=\"elementor-widget-container\">\n\t\t\t\t\t<h2 class=\"elementor-heading-title\"><\/h2>\t\t\t\t<\/div>\n\t\t\t\t<\/div>\n\t\t\t\t<div class=\"elementor-element elementor-element-b4caee3 elementor-widget elementor-widget-text-editor\" data-id=\"b4caee3\" data-element_type=\"widget\" data-e-type=\"widget\" data-widget_type=\"text-editor.default\">\n\t\t\t\t<div class=\"elementor-widget-container\">\n\t\t\t\t\t\t\t\t\t<p>Las condiciones clim\u00e1ticas extremas, como el oleaje, el viento fuerte, la corriente y el efecto de succi\u00f3n de las embarcaciones que pasan, son factores que pueden provocar movimientos no deseados en una embarcaci\u00f3n. Esto provoca altas cargas en las l\u00edneas de amarre, lo que impide que una embarcaci\u00f3n cargue, descargue o mantenga su posici\u00f3n de manera segura mientras est\u00e1 atracada. Durante la \u00faltima d\u00e9cada, el cambio clim\u00e1tico parece haber comprometido a\u00fan m\u00e1s la seguridad de las embarcaciones amarradas en los puertos.<\/p>\t\t\t\t\t\t\t\t<\/div>\n\t\t\t\t<\/div>\n\t\t\t\t<\/div>\n\t\t<div class=\"elementor-element elementor-element-6550c8d e-con-full e-flex e-con e-child\" data-id=\"6550c8d\" data-element_type=\"container\" data-e-type=\"container\">\n\t\t\t\t<div class=\"elementor-element elementor-element-69de6d7 hoekje elementor-widget elementor-widget-image\" data-id=\"69de6d7\" data-element_type=\"widget\" data-e-type=\"widget\" data-widget_type=\"image.default\">\n\t\t\t\t<div class=\"elementor-widget-container\">\n\t\t\t\t\t\t\t\t\t\t\t\t\t\t\t<img fetchpriority=\"high\" decoding=\"async\" width=\"600\" height=\"394\" src=\"https:\/\/shoretension.com\/wp-content\/uploads\/2024\/05\/about-us-1.jpg\" class=\"attachment-large size-large wp-image-1969\" alt=\"\" srcset=\"https:\/\/shoretension.com\/wp-content\/uploads\/2024\/05\/about-us-1.jpg 600w, https:\/\/shoretension.com\/wp-content\/uploads\/2024\/05\/about-us-1-300x197.jpg 300w\" sizes=\"(max-width: 600px) 100vw, 600px\" \/>\t\t\t\t\t\t\t\t\t\t\t\t\t\t\t<\/div>\n\t\t\t\t<\/div>\n\t\t\t\t<\/div>\n\t\t\t\t\t<\/div>\n\t\t\t\t<\/div>\n\t\t<div class=\"e-con-top elementor-element elementor-element-1c9376e rey-section-stretched e-flex e-con-boxed elementor-invisible e-con e-parent\" data-id=\"1c9376e\" data-element_type=\"container\" data-e-type=\"container\" data-settings=\"{&quot;background_background&quot;:&quot;classic&quot;,&quot;animation&quot;:&quot;fadeInUp&quot;}\">\n\t\t\t\t\t<div class=\"e-con-inner\">\n\t\t<div class=\"elementor-element elementor-element-f1af11a e-flex e-con-boxed e-con e-child\" data-id=\"f1af11a\" data-element_type=\"container\" data-e-type=\"container\">\n\t\t\t\t\t<div class=\"e-con-inner\">\n\t\t\t\t<div class=\"elementor-element elementor-element-748d1bf elementor-widget__width-initial elementor-widget elementor-widget-heading\" data-id=\"748d1bf\" data-element_type=\"widget\" data-e-type=\"widget\" data-widget_type=\"heading.default\">\n\t\t\t\t<div class=\"elementor-widget-container\">\n\t\t\t\t\t<h3 class=\"elementor-heading-title elementor-size-default\">ShoreTension\u00ae estabiliza el amarre y mejora la seguridad.<\/h3>\t\t\t\t<\/div>\n\t\t\t\t<\/div>\n\t\t\t\t<div class=\"elementor-element elementor-element-eb534f1 elementor-widget elementor-widget-text-editor\" data-id=\"eb534f1\" data-element_type=\"widget\" data-e-type=\"widget\" data-widget_type=\"text-editor.default\">\n\t\t\t\t<div class=\"elementor-widget-container\">\n\t\t\t\t\t\t\t\t\t<p>ShoreTension\u00ae ofrece la soluci\u00f3n a esos problemas. ShoreTension\u00ae garantiza que su embarcaci\u00f3n permanezca amarrada de forma segura y estable. La tensi\u00f3n en las l\u00edneas de amarre es constante debido a que el sistema de amarre din\u00e1mico se regula a s\u00ed mismo seg\u00fan el l\u00edmite de tensi\u00f3n establecido por el usuario. ShoreTension\u00ae es un sistema de amarre din\u00e1mico en forma de cilindro hidr\u00e1ulico y con un pist\u00f3n que funciona independientemente al sistema de amarre convencional de una embarcaci\u00f3n.<\/p>\t\t\t\t\t\t\t\t<\/div>\n\t\t\t\t<\/div>\n\t\t\t\t\t<\/div>\n\t\t\t\t<\/div>\n\t\t<div class=\"elementor-element elementor-element-7a3f514 e-flex e-con-boxed e-con e-child\" data-id=\"7a3f514\" data-element_type=\"container\" data-e-type=\"container\">\n\t\t\t\t\t<div class=\"e-con-inner\">\n\t\t<div class=\"elementor-element elementor-element-f0e6045 e-con-full e-flex e-con e-child\" data-id=\"f0e6045\" data-element_type=\"container\" data-e-type=\"container\" data-settings=\"{&quot;background_background&quot;:&quot;classic&quot;}\">\n\t\t\t\t<div class=\"elementor-element elementor-element-1389129 elementor-widget elementor-widget-heading\" data-id=\"1389129\" data-element_type=\"widget\" data-e-type=\"widget\" data-widget_type=\"heading.default\">\n\t\t\t\t<div class=\"elementor-widget-container\">\n\t\t\t\t\t<p class=\"elementor-heading-title elementor-size-default\">El clima extremo y la succi\u00f3n de embarcaciones cercanas pueden provocar movimientos no deseados de las embarcaciones.<\/p>\t\t\t\t<\/div>\n\t\t\t\t<\/div>\n\t\t\t\t<div class=\"elementor-element elementor-element-cc6dcd6 --icon-style-aoh elementor-widget elementor-widget-button\" data-id=\"cc6dcd6\" data-element_type=\"widget\" data-e-type=\"widget\" data-widget_type=\"button.default\">\n\t\t\t\t<div class=\"elementor-widget-container\">\n\t\t\t\t\t\t\t\t\t<div class=\"elementor-button-wrapper\">\n\t\t\t\t\t<a class=\"elementor-button elementor-button-link elementor-size-sm\" href=\"https:\/\/shoretension.com\/horizontal-shoretension-system-hst\/\">\n\t\t\t\t\t\t<span class=\"elementor-button-content-wrapper\">\n\t\t\t\t\t\t<span class=\"elementor-button-icon\">\n\t\t\t\t<svg xmlns=\"http:\/\/www.w3.org\/2000\/svg\" id=\"Laag_1\" data-name=\"Laag 1\" viewBox=\"0 0 27.81 23.09\"><defs><style>      .cls2 {        fill: #1d1d1b;        stroke-width: 0px;      }    <\/style><\/defs><path class=\"cls2\" d=\"M16.33.14l-1.05,1.05,9.61,9.61H.34v1.48h24.29l-9.61,9.62,1.05,1.04,11.53-11.53L16.33.14ZM25.5,11.4h0s0,0,0,0h0Z\"><\/path><\/svg>\t\t\t<\/span>\n\t\t\t\t\t\t\t\t\t<span class=\"elementor-button-text\">\uf0e8\tLeer m\u00e1s<\/span>\n\t\t\t\t\t<\/span>\n\t\t\t\t\t<\/a>\n\t\t\t\t<\/div>\n\t\t\t\t\t\t\t\t<\/div>\n\t\t\t\t<\/div>\n\t\t\t\t<\/div>\n\t\t<div class=\"elementor-element elementor-element-97093af e-con-full e-flex e-con e-child\" data-id=\"97093af\" data-element_type=\"container\" data-e-type=\"container\" data-settings=\"{&quot;background_background&quot;:&quot;classic&quot;}\">\n\t\t\t\t<div class=\"elementor-element elementor-element-3c25751 elementor-widget__width-inherit elementor-widget elementor-widget-heading\" data-id=\"3c25751\" data-element_type=\"widget\" data-e-type=\"widget\" data-widget_type=\"heading.default\">\n\t\t\t\t<div class=\"elementor-widget-container\">\n\t\t\t\t\t<h5 class=\"elementor-heading-title elementor-size-default\">ShoreTension\u00ae genera su propia energ\u00eda mediante los movimientos de la embarcaci\u00f3n.<\/h5>\t\t\t\t<\/div>\n\t\t\t\t<\/div>\n\t\t\t\t<div class=\"elementor-element elementor-element-d02c8a3 elementor-widget elementor-widget-text-editor\" data-id=\"d02c8a3\" data-element_type=\"widget\" data-e-type=\"widget\" data-widget_type=\"text-editor.default\">\n\t\t\t\t<div class=\"elementor-widget-container\">\n\t\t\t\t\t\t\t\t\t<p>Cuando hay menos tensi\u00f3n en las l\u00edneas, el sistema ShoreTension se retrae autom\u00e1ticamente; cuando hay m\u00e1s tensi\u00f3n que un umbral determinado, ShoreTension\u00ae vuelve a extenderse. Este proceso tiene lugar continuamente para mantener una tensi\u00f3n constante en la l\u00ednea de amarre ShoreTension\u00ae.<\/p>\t\t\t\t\t\t\t\t<\/div>\n\t\t\t\t<\/div>\n\t\t\t\t<\/div>\n\t\t\t\t\t<\/div>\n\t\t\t\t<\/div>\n\t\t<div class=\"elementor-element elementor-element-dcfd5a6 e-flex e-con-boxed e-con e-child\" data-id=\"dcfd5a6\" data-element_type=\"container\" data-e-type=\"container\">\n\t\t\t\t\t<div class=\"e-con-inner\">\n\t\t<div class=\"elementor-element elementor-element-8693e91 e-con-full hoekje e-flex e-con e-child\" data-id=\"8693e91\" data-element_type=\"container\" data-e-type=\"container\" data-settings=\"{&quot;background_background&quot;:&quot;classic&quot;}\">\n\t\t\t\t<\/div>\n\t\t<div class=\"elementor-element elementor-element-4a6b4d9 e-con-full e-flex e-con e-child\" data-id=\"4a6b4d9\" data-element_type=\"container\" data-e-type=\"container\" data-settings=\"{&quot;background_background&quot;:&quot;classic&quot;}\">\n\t\t\t\t<div class=\"elementor-element elementor-element-764344c elementor-widget elementor-widget-heading\" data-id=\"764344c\" data-element_type=\"widget\" data-e-type=\"widget\" data-widget_type=\"heading.default\">\n\t\t\t\t<div class=\"elementor-widget-container\">\n\t\t\t\t\t<h5 class=\"elementor-heading-title elementor-size-default\">Como resultado, los movimientos se reducen hasta en un 90% en comparaci\u00f3n con los sistemas de amarre convencionales.<\/h5>\t\t\t\t<\/div>\n\t\t\t\t<\/div>\n\t\t\t\t<div class=\"elementor-element elementor-element-c3702ed elementor-widget elementor-widget-text-editor\" data-id=\"c3702ed\" data-element_type=\"widget\" data-e-type=\"widget\" data-widget_type=\"text-editor.default\">\n\t\t\t\t<div class=\"elementor-widget-container\">\n\t\t\t\t\t\t\t\t\t<p>La principal ventaja de ShoreTension\u00ae es su sostenibilidad y el hecho de que no requiere energ\u00eda externa. El buque del cliente permanece amarrado de forma segura, mientras que las operaciones de carga y descarga pueden continuar sin interrupciones y con total seguridad. \u00a1Esto aumenta considerablemente la eficiencia operativa y la seguridad, al tiempo que reduce los costes y ahorra tiempo!<\/p>\t\t\t\t\t\t\t\t<\/div>\n\t\t\t\t<\/div>\n\t\t\t\t<\/div>\n\t\t\t\t\t<\/div>\n\t\t\t\t<\/div>\n\t\t\t\t\t<\/div>\n\t\t\t\t<\/div>\n\t\t<div class=\"e-con-top elementor-element elementor-element-6bb155e e-flex e-con-boxed elementor-invisible e-con e-parent\" data-id=\"6bb155e\" data-element_type=\"container\" data-e-type=\"container\" data-settings=\"{&quot;animation&quot;:&quot;fadeInUp&quot;}\">\n\t\t\t\t\t<div class=\"e-con-inner\">\n\t\t\t\t<div class=\"elementor-element elementor-element-ec56d04 elementor-widget elementor-widget-heading\" data-id=\"ec56d04\" data-element_type=\"widget\" data-e-type=\"widget\" data-widget_type=\"heading.default\">\n\t\t\t\t<div class=\"elementor-widget-container\">\n\t\t\t\t\t<h2 class=\"elementor-heading-title elementor-size-default\">ShoreTension\u00ae mantiene todas las l\u00edneas de amarre a la misma tensi\u00f3n constante<\/h2>\t\t\t\t<\/div>\n\t\t\t\t<\/div>\n\t\t\t\t\t<\/div>\n\t\t\t\t<\/div>\n\t\t<div class=\"e-con-top elementor-element elementor-element-c07cb42 rey-section-stretched r-con-cols3 r-con-cols2 r-con-cols1 e-flex e-con-boxed elementor-invisible e-con e-parent\" data-id=\"c07cb42\" data-element_type=\"container\" data-e-type=\"container\" data-settings=\"{&quot;background_background&quot;:&quot;classic&quot;,&quot;animation&quot;:&quot;fadeInUp&quot;}\">\n\t\t\t\t\t<div class=\"e-con-inner\">\n\t\t<div class=\"elementor-element elementor-element-7c41610 e-flex e-con-boxed e-con e-child\" data-id=\"7c41610\" data-element_type=\"container\" data-e-type=\"container\" data-settings=\"{&quot;background_background&quot;:&quot;classic&quot;}\">\n\t\t\t\t\t<div class=\"e-con-inner\">\n\t\t\t\t<div class=\"elementor-element elementor-element-b63cc81 elementor-widget elementor-widget-heading\" data-id=\"b63cc81\" data-element_type=\"widget\" data-e-type=\"widget\" data-widget_type=\"heading.default\">\n\t\t\t\t<div class=\"elementor-widget-container\">\n\t\t\t\t\t<h4 class=\"elementor-heading-title elementor-size-default\">Quiero m\u00e1s informaci\u00f3n sobre las posibilidades del sistema ShoreTension<\/h4>\t\t\t\t<\/div>\n\t\t\t\t<\/div>\n\t\t\t\t<div class=\"elementor-element elementor-element-1c98eda --icon-style-aoh elementor-widget elementor-widget-button\" data-id=\"1c98eda\" data-element_type=\"widget\" data-e-type=\"widget\" data-widget_type=\"button.default\">\n\t\t\t\t<div class=\"elementor-widget-container\">\n\t\t\t\t\t\t\t\t\t<div class=\"elementor-button-wrapper\">\n\t\t\t\t\t<a class=\"elementor-button elementor-button-link elementor-size-sm\" href=\"https:\/\/shoretension.com\/contact\/\">\n\t\t\t\t\t\t<span class=\"elementor-button-content-wrapper\">\n\t\t\t\t\t\t<span class=\"elementor-button-icon\">\n\t\t\t\t<svg xmlns=\"http:\/\/www.w3.org\/2000\/svg\" id=\"Laag_1\" data-name=\"Laag 1\" viewBox=\"0 0 27.81 23.09\"><defs><style>      .wit {        fill: #ffffff;        stroke-width: 0px;      }    <\/style><\/defs><path class=\"wit\" d=\"M16.33.14l-1.05,1.05,9.61,9.61H.34v1.48h24.29l-9.61,9.62,1.05,1.04,11.53-11.53L16.33.14ZM25.5,11.4h0s0,0,0,0h0Z\"><\/path><\/svg>\t\t\t<\/span>\n\t\t\t\t\t\t\t\t\t<span class=\"elementor-button-text\">\uf0e8\tContactar conmigo<\/span>\n\t\t\t\t\t<\/span>\n\t\t\t\t\t<\/a>\n\t\t\t\t<\/div>\n\t\t\t\t\t\t\t\t<\/div>\n\t\t\t\t<\/div>\n\t\t\t\t\t<\/div>\n\t\t\t\t<\/div>\n\t\t\t\t\t<\/div>\n\t\t\t\t<\/div>\n\t\t\t\t<\/div>\n\t\t","protected":false},"excerpt":{"rendered":"<p>Las condiciones clim\u00e1ticas extremas, como el oleaje, el viento fuerte, la corriente y el efecto de succi\u00f3n de las embarcaciones que pasan, son factores que pueden provocar movimientos no deseados en una embarcaci\u00f3n. Esto provoca altas cargas en las l\u00edneas de amarre, lo que impide que una embarcaci\u00f3n cargue, descargue o mantenga su posici\u00f3n de [&hellip;]<\/p>\n","protected":false},"author":1,"featured_media":0,"parent":0,"menu_order":0,"comment_status":"closed","ping_status":"closed","template":"","meta":{"_acf_changed":false,"footnotes":""},"class_list":["post-1972","page","type-page","status-publish","hentry"],"acf":[],"_links":{"self":[{"href":"https:\/\/shoretension.com\/es\/wp-json\/wp\/v2\/pages\/1972","targetHints":{"allow":["GET"]}}],"collection":[{"href":"https:\/\/shoretension.com\/es\/wp-json\/wp\/v2\/pages"}],"about":[{"href":"https:\/\/shoretension.com\/es\/wp-json\/wp\/v2\/types\/page"}],"author":[{"embeddable":true,"href":"https:\/\/shoretension.com\/es\/wp-json\/wp\/v2\/users\/1"}],"replies":[{"embeddable":true,"href":"https:\/\/shoretension.com\/es\/wp-json\/wp\/v2\/comments?post=1972"}],"version-history":[{"count":7,"href":"https:\/\/shoretension.com\/es\/wp-json\/wp\/v2\/pages\/1972\/revisions"}],"predecessor-version":[{"id":2269,"href":"https:\/\/shoretension.com\/es\/wp-json\/wp\/v2\/pages\/1972\/revisions\/2269"}],"wp:attachment":[{"href":"https:\/\/shoretension.com\/es\/wp-json\/wp\/v2\/media?parent=1972"}],"curies":[{"name":"wp","href":"https:\/\/api.w.org\/{rel}","templated":true}]}}