{"id":2115,"date":"2024-04-23T15:28:56","date_gmt":"2024-04-23T13:28:56","guid":{"rendered":"https:\/\/shoretension.com\/?page_id=2115"},"modified":"2026-03-25T14:05:23","modified_gmt":"2026-03-25T13:05:23","slug":"instalacion","status":"publish","type":"page","link":"https:\/\/shoretension.com\/es\/instalacion\/","title":{"rendered":"Instalaci\u00f3n"},"content":{"rendered":"\t\t<div data-elementor-type=\"wp-page\" data-elementor-id=\"2115\" class=\"elementor elementor-2115 elementor-455\" data-elementor-post-type=\"page\">\n\t\t\t\t<div class=\"e-con-top elementor-element elementor-element-6a6e6dd rey-section-stretched hoekje e-flex e-con-boxed elementor-invisible e-con e-parent\" data-id=\"6a6e6dd\" data-element_type=\"container\" data-e-type=\"container\" data-settings=\"{&quot;background_background&quot;:&quot;classic&quot;,&quot;animation&quot;:&quot;fadeInDown&quot;}\">\n\t\t\t\t\t<div class=\"e-con-inner\">\n\t\t\t\t\t<\/div>\n\t\t\t\t<\/div>\n\t\t<div class=\"e-con-top elementor-element elementor-element-6b18113 e-flex e-con-boxed elementor-invisible e-con e-parent\" data-id=\"6b18113\" data-element_type=\"container\" data-e-type=\"container\" data-settings=\"{&quot;animation&quot;:&quot;fadeInUp&quot;}\">\n\t\t\t\t\t<div class=\"e-con-inner\">\n\t\t<div class=\"elementor-element elementor-element-16a80ef e-con-full e-flex e-con e-child\" data-id=\"16a80ef\" data-element_type=\"container\" data-e-type=\"container\">\n\t\t\t\t<div class=\"elementor-element elementor-element-aeb5e5a elementor-widget elementor-widget-heading\" data-id=\"aeb5e5a\" data-element_type=\"widget\" data-e-type=\"widget\" data-widget_type=\"heading.dynamic_title\">\n\t\t\t\t<div class=\"elementor-widget-container\">\n\t\t\t\t\t<h2 class=\"elementor-heading-title\"><\/h2>\t\t\t\t<\/div>\n\t\t\t\t<\/div>\n\t\t\t\t<div class=\"elementor-element elementor-element-c797a0f elementor-widget elementor-widget-text-editor\" data-id=\"c797a0f\" data-element_type=\"widget\" data-e-type=\"widget\" data-widget_type=\"text-editor.default\">\n\t\t\t\t<div class=\"elementor-widget-container\">\n\t\t\t\t\t\t\t\t\t<p>ShoreTension\u00ae se coloca en el muelle, entre dos bolardos o puntos fuertes. Un extremo del ShoreTension\u00ae est\u00e1 conectado al bolardo del muelle. Por otro lado, la l\u00ednea de amarre ShoreTension est\u00e1 conectada a la parte m\u00f3vil del equipo, la cual es guiada por una polea, que a su vez est\u00e1 conectada al siguiente bolardo, cuya funci\u00f3n es guiar la l\u00ednea hacia el buque.<\/p>\t\t\t\t\t\t\t\t<\/div>\n\t\t\t\t<\/div>\n\t\t\t\t<\/div>\n\t\t<div class=\"elementor-element elementor-element-3bb368a e-con-full e-flex e-con e-child\" data-id=\"3bb368a\" data-element_type=\"container\" data-e-type=\"container\">\n\t\t\t\t<div class=\"elementor-element elementor-element-eca9842 hoekje elementor-widget elementor-widget-image\" data-id=\"eca9842\" data-element_type=\"widget\" data-e-type=\"widget\" data-widget_type=\"image.default\">\n\t\t\t\t<div class=\"elementor-widget-container\">\n\t\t\t\t\t\t\t\t\t\t\t\t\t\t\t<img decoding=\"async\" width=\"43\" height=\"43\" src=\"https:\/\/shoretension.com\/wp-content\/uploads\/2024\/03\/Green-solution-1.svg\" class=\"attachment-large size-large wp-image-2044\" alt=\"\" \/>\t\t\t\t\t\t\t\t\t\t\t\t\t\t\t<\/div>\n\t\t\t\t<\/div>\n\t\t\t\t<\/div>\n\t\t\t\t\t<\/div>\n\t\t\t\t<\/div>\n\t\t<div class=\"e-con-top elementor-element elementor-element-1d851db e-flex e-con-boxed elementor-invisible e-con e-parent\" data-id=\"1d851db\" data-element_type=\"container\" data-e-type=\"container\" data-settings=\"{&quot;animation&quot;:&quot;fadeInUp&quot;}\">\n\t\t\t\t\t<div class=\"e-con-inner\">\n\t\t<div class=\"elementor-element elementor-element-cfe1ebf e-con-full e-flex e-con e-child\" data-id=\"cfe1ebf\" data-element_type=\"container\" data-e-type=\"container\">\n\t\t\t\t<div class=\"elementor-element elementor-element-22bb623 hoekje elementor-widget elementor-widget-image\" data-id=\"22bb623\" data-element_type=\"widget\" data-e-type=\"widget\" data-widget_type=\"image.default\">\n\t\t\t\t<div class=\"elementor-widget-container\">\n\t\t\t\t\t\t\t\t\t\t\t\t\t\t\t<img fetchpriority=\"high\" decoding=\"async\" width=\"1024\" height=\"683\" src=\"https:\/\/shoretension.com\/wp-content\/uploads\/2024\/04\/ST-stand-alone-1024x683.jpg\" class=\"attachment-large size-large wp-image-2110\" alt=\"\" srcset=\"https:\/\/shoretension.com\/wp-content\/uploads\/2024\/04\/ST-stand-alone-1024x683.jpg 1024w, https:\/\/shoretension.com\/wp-content\/uploads\/2024\/04\/ST-stand-alone-300x200.jpg 300w, https:\/\/shoretension.com\/wp-content\/uploads\/2024\/04\/ST-stand-alone-768x512.jpg 768w, https:\/\/shoretension.com\/wp-content\/uploads\/2024\/04\/ST-stand-alone.jpg 1080w\" sizes=\"(max-width: 1024px) 100vw, 1024px\" \/>\t\t\t\t\t\t\t\t\t\t\t\t\t\t\t<\/div>\n\t\t\t\t<\/div>\n\t\t\t\t<\/div>\n\t\t<div class=\"elementor-element elementor-element-798ba35 e-con-full e-flex e-con e-child\" data-id=\"798ba35\" data-element_type=\"container\" data-e-type=\"container\">\n\t\t\t\t<div class=\"elementor-element elementor-element-f34928f elementor-widget elementor-widget-heading\" data-id=\"f34928f\" data-element_type=\"widget\" data-e-type=\"widget\" data-widget_type=\"heading.default\">\n\t\t\t\t<div class=\"elementor-widget-container\">\n\t\t\t\t\t<h2 class=\"elementor-heading-title elementor-size-default\">Aut\u00f3nomo<\/h2>\t\t\t\t<\/div>\n\t\t\t\t<\/div>\n\t\t\t\t<div class=\"elementor-element elementor-element-eb534f1 elementor-widget elementor-widget-text-editor\" data-id=\"eb534f1\" data-element_type=\"widget\" data-e-type=\"widget\" data-widget_type=\"text-editor.default\">\n\t\t\t\t<div class=\"elementor-widget-container\">\n\t\t\t\t\t\t\t\t\t<p>El sistema ShoreTension solo tiene que alimentarse de energ\u00eda una vez para activar el sistema y colocar la l\u00ednea de amarre en su posici\u00f3n. Despu\u00e9s de eso, funciona de forma aut\u00f3noma sin necesidad de energ\u00eda externa, lo que facilita la colocaci\u00f3n del sistema ShoreTension en cualquier lugar del muelle. Se puede integrar unidades del sistema ShoreTension horizontales y verticales en los muros de los muelles y jetties.<\/p>\t\t\t\t\t\t\t\t<\/div>\n\t\t\t\t<\/div>\n\t\t\t\t<\/div>\n\t\t\t\t\t<\/div>\n\t\t\t\t<\/div>\n\t\t<div class=\"e-con-top elementor-element elementor-element-52e8c76 e-grid e-con-boxed elementor-invisible e-con e-parent\" data-id=\"52e8c76\" data-element_type=\"container\" data-e-type=\"container\" data-settings=\"{&quot;animation&quot;:&quot;fadeInUp&quot;}\">\n\t\t\t\t\t<div class=\"e-con-inner\">\n\t\t\t\t<div class=\"elementor-element elementor-element-d6a18f1 elementor-position-inline-start elementor-widget__width-initial elementor-view-default elementor-mobile-position-block-start elementor-widget elementor-widget-icon-box\" data-id=\"d6a18f1\" data-element_type=\"widget\" data-e-type=\"widget\" data-widget_type=\"icon-box.default\">\n\t\t\t\t<div class=\"elementor-widget-container\">\n\t\t\t\t\t\t\t<div class=\"elementor-icon-box-wrapper\">\n\n\t\t\t\t\t\t<div class=\"elementor-icon-box-icon\">\n\t\t\t\t<span  class=\"elementor-icon\">\n\t\t\t\t<svg xmlns=\"http:\/\/www.w3.org\/2000\/svg\" xmlns:xlink=\"http:\/\/www.w3.org\/1999\/xlink\" id=\"Laag_1\" x=\"0px\" y=\"0px\" viewBox=\"0 0 45.4 45.4\" style=\"enable-background:new 0 0 45.4 45.4;\" xml:space=\"preserve\"><style type=\"text\/css\">\t.st0{fill:#EB5D0B;}<\/style><path class=\"st0\" d=\"M22.4,32.4c-5.6,0-10.1-4.5-10.1-10.1s4.5-10.1,10.1-10.1s10.1,4.5,10.1,10.1C32.6,27.9,28,32.4,22.4,32.4z  M22.4,13.7c-4.7,0-8.6,3.8-8.6,8.6s3.8,8.6,8.6,8.6S31,27,31,22.3S27.2,13.7,22.4,13.7z\"><\/path><path class=\"st0\" d=\"M22.4,25.8c2,0,3.6-1.6,3.6-3.6s-1.6-3.6-3.6-3.6s-3.6,1.6-3.6,3.6C18.9,24.2,20.5,25.8,22.4,25.8\"><\/path><path class=\"st0\" d=\"M15.3,22.7h-2.9c-0.2,0-0.4-0.2-0.4-0.4s0.2-0.4,0.4-0.4h2.9c0.2,0,0.4,0.2,0.4,0.4S15.5,22.7,15.3,22.7z\"><\/path><path class=\"st0\" d=\"M22.4,15.6c-0.2,0-0.4-0.2-0.4-0.4v-2.9c0-0.2,0.2-0.4,0.4-0.4s0.4,0.2,0.4,0.4v2.9 C22.8,15.4,22.7,15.6,22.4,15.6z\"><\/path><path class=\"st0\" d=\"M32.4,22.7h-2.9c-0.2,0-0.4-0.2-0.4-0.4s0.2-0.4,0.4-0.4h2.9c0.2,0,0.4,0.2,0.4,0.4S32.6,22.7,32.4,22.7z\"><\/path><path class=\"st0\" d=\"M22.4,32.6c-0.2,0-0.4-0.2-0.4-0.4v-2.9c0-0.2,0.2-0.4,0.4-0.4s0.4,0.2,0.4,0.4v2.9 C22.8,32.5,22.7,32.6,22.4,32.6z\"><\/path><polygon class=\"st0\" points=\"18.7,2.8 22.2,9.9 25.8,2.8 \"><\/polygon><polygon class=\"st0\" points=\"42.2,18.5 35.1,22.1 42.2,25.6 \"><\/polygon><polygon class=\"st0\" points=\"18.7,41.9 22.2,34.8 25.8,41.9 \"><\/polygon><polygon class=\"st0\" points=\"3,18.5 10.2,22.1 3,25.6 \"><\/polygon><g>\t<path class=\"st0\" d=\"M22.4,43.9c-11.9,0-21.6-9.7-21.6-21.6S10.5,0.7,22.4,0.7S44,10.4,44,22.3S34.3,43.9,22.4,43.9z M22.4,3.7  C12.2,3.7,3.8,12,3.8,22.3s8.3,18.6,18.6,18.6S41,32.5,41,22.3C41,12,32.7,3.7,22.4,3.7z\"><\/path><\/g><\/svg>\t\t\t\t<\/span>\n\t\t\t<\/div>\n\t\t\t\n\t\t\t\t\t\t<div class=\"elementor-icon-box-content\">\n\n\t\t\t\t\t\t\t\t\t<h3 class=\"elementor-icon-box-title\">\n\t\t\t\t\t\t<span  >\n\t\t\t\t\t\t\tReducci\u00f3n del movimiento hasta 90% \t\t\t\t\t\t<\/span>\n\t\t\t\t\t<\/h3>\n\t\t\t\t\n\t\t\t\t\n\t\t\t<\/div>\n\t\t\t\n\t\t<\/div>\n\t\t\t\t\t\t<\/div>\n\t\t\t\t<\/div>\n\t\t\t\t<div class=\"elementor-element elementor-element-60a3b5b elementor-position-inline-start elementor-widget__width-initial elementor-view-default elementor-mobile-position-block-start elementor-widget elementor-widget-icon-box\" data-id=\"60a3b5b\" data-element_type=\"widget\" data-e-type=\"widget\" data-widget_type=\"icon-box.default\">\n\t\t\t\t<div class=\"elementor-widget-container\">\n\t\t\t\t\t\t\t<div class=\"elementor-icon-box-wrapper\">\n\n\t\t\t\t\t\t<div class=\"elementor-icon-box-icon\">\n\t\t\t\t<span  class=\"elementor-icon\">\n\t\t\t\t<svg xmlns=\"http:\/\/www.w3.org\/2000\/svg\" xmlns:xlink=\"http:\/\/www.w3.org\/1999\/xlink\" id=\"Laag_1\" x=\"0px\" y=\"0px\" viewBox=\"0 0 45.4 45.4\" style=\"enable-background:new 0 0 45.4 45.4;\" xml:space=\"preserve\"><style type=\"text\/css\">\t.st0{fill:#EB5D0B;}<\/style><g>\t<path class=\"st0\" d=\"M39.2,29.3c1.5,0,2.7-1.2,2.7-2.7s-1.2-2.7-2.7-2.7s-2.7,1.2-2.7,2.7C36.5,28,37.7,29.3,39.2,29.3\"><\/path>\t<path class=\"st0\" d=\"M12.2,40.7c-0.3,0-0.6-0.1-0.9-0.2C4.4,36.8,0.1,29.7,0.1,21.9C0.1,10.4,9.5,1,21.1,1c4.4,0,8.5,1.3,12.1,3.8  c2.9,2,5,3.5,6.6,7.4c0.4,1-0.1,2.2-1.1,2.6c-1,0.4-2.2-0.1-2.6-1.1C35,10.9,33.7,10,30.9,8c-2.9-1.9-6.3-3-9.8-3  c-9.4,0-17,7.6-17,16.9c0,6.3,3.5,12,9.1,15c1,0.5,1.4,1.7,0.8,2.7C13.6,40.3,12.9,40.7,12.2,40.7z\"><\/path>\t<polygon class=\"st0\" points=\"40.3,18.5 44.8,6.4 28.5,13.2  \"><\/polygon>\t<path class=\"st0\" d=\"M35.2,37.4c1.5,0,2.7-1.2,2.7-2.7S36.7,32,35.2,32s-2.7,1.2-2.7,2.7S33.7,37.4,35.2,37.4\"><\/path>\t<path class=\"st0\" d=\"M28.6,42c1.5,0,2.7-1.2,2.7-2.7s-1.2-2.7-2.7-2.7s-2.7,1.2-2.7,2.7C25.9,40.7,27.1,42,28.6,42\"><\/path>\t<path class=\"st0\" d=\"M22,43.5c1.5,0,2.7-1.2,2.7-2.7s-1.2-2.7-2.7-2.7s-2.7,1.2-2.7,2.7S20.5,43.5,22,43.5\"><\/path>\t<path class=\"st0\" d=\"M16.4,42.9c1.5,0,2.7-1.2,2.7-2.7s-1.2-2.7-2.7-2.7s-2.7,1.2-2.7,2.7C13.7,41.6,14.9,42.9,16.4,42.9\"><\/path><\/g><\/svg>\t\t\t\t<\/span>\n\t\t\t<\/div>\n\t\t\t\n\t\t\t\t\t\t<div class=\"elementor-icon-box-content\">\n\n\t\t\t\t\t\t\t\t\t<h3 class=\"elementor-icon-box-title\">\n\t\t\t\t\t\t<span  >\n\t\t\t\t\t\t\tReduce el tiempo de giro\t\t\t\t\t\t<\/span>\n\t\t\t\t\t<\/h3>\n\t\t\t\t\n\t\t\t\t\n\t\t\t<\/div>\n\t\t\t\n\t\t<\/div>\n\t\t\t\t\t\t<\/div>\n\t\t\t\t<\/div>\n\t\t\t\t<div class=\"elementor-element elementor-element-3bbb039 elementor-position-inline-start elementor-widget__width-initial elementor-view-default elementor-mobile-position-block-start elementor-widget elementor-widget-icon-box\" data-id=\"3bbb039\" data-element_type=\"widget\" data-e-type=\"widget\" data-widget_type=\"icon-box.default\">\n\t\t\t\t<div class=\"elementor-widget-container\">\n\t\t\t\t\t\t\t<div class=\"elementor-icon-box-wrapper\">\n\n\t\t\t\t\t\t<div class=\"elementor-icon-box-icon\">\n\t\t\t\t<span  class=\"elementor-icon\">\n\t\t\t\t<svg xmlns=\"http:\/\/www.w3.org\/2000\/svg\" id=\"Laag_1\" data-name=\"Laag 1\" viewBox=\"0 0 43.38 43.42\"><defs><style>         <\/style><\/defs><path class=\"cls-1\" d=\"M21.69,43.3C9.8,43.3.14,33.63.14,21.74S9.8.19,21.69.19s21.55,9.67,21.55,21.56-9.67,21.56-21.55,21.56ZM21.69,4.19c-9.68,0-17.56,7.88-17.56,17.56s7.88,17.56,17.56,17.56,17.55-7.88,17.55-17.56S31.37,4.19,21.69,4.19Z\"><\/path><polygon class=\"cls-1\" points=\"25.19 5.3 11.58 23.16 19.5 22.53 10.47 36.21 33.23 16.59 21.69 17.61 34.41 5.19 25.19 5.3\"><\/polygon><rect class=\"cls-1\" x=\"19.45\" y=\".27\" width=\"4.47\" height=\"40.82\" transform=\"translate(-8.27 21.39) rotate(-45)\"><\/rect><\/svg>\t\t\t\t<\/span>\n\t\t\t<\/div>\n\t\t\t\n\t\t\t\t\t\t<div class=\"elementor-icon-box-content\">\n\n\t\t\t\t\t\t\t\t\t<h3 class=\"elementor-icon-box-title\">\n\t\t\t\t\t\t<span  >\n\t\t\t\t\t\t\tSin necesidad de energ\u00eda externa\t\t\t\t\t\t<\/span>\n\t\t\t\t\t<\/h3>\n\t\t\t\t\n\t\t\t\t\n\t\t\t<\/div>\n\t\t\t\n\t\t<\/div>\n\t\t\t\t\t\t<\/div>\n\t\t\t\t<\/div>\n\t\t\t\t<div class=\"elementor-element elementor-element-fd89a9b elementor-position-inline-start elementor-widget__width-initial elementor-view-default elementor-mobile-position-block-start elementor-widget elementor-widget-icon-box\" data-id=\"fd89a9b\" data-element_type=\"widget\" data-e-type=\"widget\" data-widget_type=\"icon-box.default\">\n\t\t\t\t<div class=\"elementor-widget-container\">\n\t\t\t\t\t\t\t<div class=\"elementor-icon-box-wrapper\">\n\n\t\t\t\t\t\t<div class=\"elementor-icon-box-icon\">\n\t\t\t\t<span  class=\"elementor-icon\">\n\t\t\t\t<svg xmlns=\"http:\/\/www.w3.org\/2000\/svg\" id=\"Laag_1\" data-name=\"Laag 1\" viewBox=\"0 0 43.38 43.42\"><defs><style>      .cls-1 {        fill: #eb5d0b;        stroke-width: 0px;      }    <\/style><\/defs><path class=\"cls-1\" d=\"M21.71,43.15C9.83,43.15.17,33.49.17,21.61S9.83.07,21.71.07s21.54,9.66,21.54,21.54-9.66,21.54-21.54,21.54ZM21.71,3.95C11.97,3.95,4.05,11.88,4.05,21.61s7.92,17.66,17.66,17.66,17.66-7.92,17.66-17.66S31.45,3.95,21.71,3.95Z\"><\/path><path class=\"cls-1\" d=\"M8.3,36.25l-1.09-1.61c4.16-2.83,9.17-4.32,14.5-4.32s10.29,1.48,14.44,4.29l-1.09,1.61c-3.82-2.58-8.44-3.95-13.35-3.95s-9.63,1.42-13.41,3.99Z\"><\/path><path class=\"cls-1\" d=\"M21.7,12.89c-5.33,0-10.34-1.5-14.5-4.33l1.09-1.6c3.78,2.57,8.54,3.99,13.41,3.99s9.53-1.37,13.35-3.95l1.09,1.61c-4.15,2.8-9.14,4.29-14.44,4.29Z\"><\/path><rect class=\"cls-1\" x=\"2.18\" y=\"20.64\" width=\"39.27\" height=\"1.94\"><\/rect><rect class=\"cls-1\" x=\"20.84\" y=\"1.97\" width=\"1.94\" height=\"39.27\"><\/rect><path class=\"cls-1\" d=\"M22.15,41.73l-1.24-1.5c5.76-4.77,9.06-11.56,9.06-18.63s-3.1-13.52-8.72-18.34l1.26-1.47c5.97,5.12,9.4,12.34,9.4,19.81s-3.56,14.98-9.77,20.12Z\"><\/path><path class=\"cls-1\" d=\"M21.27,41.73c-6.21-5.14-9.77-12.47-9.77-20.12S14.93,6.91,20.9,1.8l1.26,1.47c-5.62,4.82-8.72,11.33-8.72,18.34s3.3,13.86,9.06,18.63l-1.24,1.49Z\"><\/path><\/svg>\t\t\t\t<\/span>\n\t\t\t<\/div>\n\t\t\t\n\t\t\t\t\t\t<div class=\"elementor-icon-box-content\">\n\n\t\t\t\t\t\t\t\t\t<h3 class=\"elementor-icon-box-title\">\n\t\t\t\t\t\t<span  >\n\t\t\t\t\t\t\tMonitoreo global \t\t\t\t\t\t<\/span>\n\t\t\t\t\t<\/h3>\n\t\t\t\t\n\t\t\t\t\n\t\t\t<\/div>\n\t\t\t\n\t\t<\/div>\n\t\t\t\t\t\t<\/div>\n\t\t\t\t<\/div>\n\t\t\t\t\t<\/div>\n\t\t\t\t<\/div>\n\t\t<div class=\"e-con-top elementor-element elementor-element-3d90401 rey-section-stretched r-con-cols3 elementor-hidden-mobile e-flex e-con-boxed elementor-invisible e-con e-parent\" data-id=\"3d90401\" data-element_type=\"container\" data-e-type=\"container\" data-settings=\"{&quot;background_background&quot;:&quot;classic&quot;,&quot;animation&quot;:&quot;fadeInUp&quot;}\">\n\t\t\t\t\t<div class=\"e-con-inner\">\n\t\t\t\t\t<\/div>\n\t\t\t\t<\/div>\n\t\t<div class=\"e-con-top elementor-element elementor-element-ebe383d e-flex e-con-boxed elementor-invisible e-con e-parent\" data-id=\"ebe383d\" data-element_type=\"container\" data-e-type=\"container\" data-settings=\"{&quot;animation&quot;:&quot;fadeInUp&quot;}\">\n\t\t\t\t\t<div class=\"e-con-inner\">\n\t\t<div class=\"elementor-element elementor-element-74659f3 e-con-full e-flex e-con e-child\" data-id=\"74659f3\" data-element_type=\"container\" data-e-type=\"container\">\n\t\t\t\t<div class=\"elementor-element elementor-element-537ef1a elementor-widget elementor-widget-heading\" data-id=\"537ef1a\" data-element_type=\"widget\" data-e-type=\"widget\" data-widget_type=\"heading.default\">\n\t\t\t\t<div class=\"elementor-widget-container\">\n\t\t\t\t\t<h3 class=\"elementor-heading-title elementor-size-default\">Funcionamiento \u00f3ptimo<\/h3>\t\t\t\t<\/div>\n\t\t\t\t<\/div>\n\t\t\t\t<div class=\"elementor-element elementor-element-bea6893 elementor-widget elementor-widget-text-editor\" data-id=\"bea6893\" data-element_type=\"widget\" data-e-type=\"widget\" data-widget_type=\"text-editor.default\">\n\t\t\t\t<div class=\"elementor-widget-container\">\n\t\t\t\t\t\t\t\t\t<p>Seg\u00fan el tama\u00f1o de la embarcaci\u00f3n del cliente, las condiciones clim\u00e1ticas y las condiciones locales, los ingenieros de ShoreTension\u00ae pueden determinar la cantidad de sistemas ShoreTension necesarios para el amarre seguro y estable de las embarcaciones. ShoreTension\u00ae funciona de forma \u00f3ptima con todas las cargas. ShoreTension\u00ae est\u00e1 certificado por Lloyd\u2019s Register en Londres con una carga segura de trabajo de 60\u00a0toneladas m\u00e9tricas para la unidad horizontal y 100\u00a0toneladas m\u00e9tricas para las unidades verticales.<\/p>\t\t\t\t\t\t\t\t<\/div>\n\t\t\t\t<\/div>\n\t\t\t\t<\/div>\n\t\t<div class=\"elementor-element elementor-element-18b42e5 e-con-full e-flex e-con e-child\" data-id=\"18b42e5\" data-element_type=\"container\" data-e-type=\"container\">\n\t\t\t\t<div class=\"elementor-element elementor-element-f0224e0 hoekje elementor-widget elementor-widget-image\" data-id=\"f0224e0\" data-element_type=\"widget\" data-e-type=\"widget\" data-widget_type=\"image.default\">\n\t\t\t\t<div class=\"elementor-widget-container\">\n\t\t\t\t\t\t\t\t\t\t\t\t\t\t\t<img decoding=\"async\" width=\"1024\" height=\"576\" src=\"https:\/\/shoretension.com\/wp-content\/uploads\/2024\/04\/1707726715777-1024x576.jpg\" class=\"attachment-large size-large wp-image-2112\" alt=\"\" srcset=\"https:\/\/shoretension.com\/wp-content\/uploads\/2024\/04\/1707726715777-1024x576.jpg 1024w, https:\/\/shoretension.com\/wp-content\/uploads\/2024\/04\/1707726715777-300x169.jpg 300w, https:\/\/shoretension.com\/wp-content\/uploads\/2024\/04\/1707726715777-768x432.jpg 768w, https:\/\/shoretension.com\/wp-content\/uploads\/2024\/04\/1707726715777-1536x864.jpg 1536w, https:\/\/shoretension.com\/wp-content\/uploads\/2024\/04\/1707726715777.jpg 2048w\" sizes=\"(max-width: 1024px) 100vw, 1024px\" \/>\t\t\t\t\t\t\t\t\t\t\t\t\t\t\t<\/div>\n\t\t\t\t<\/div>\n\t\t\t\t<\/div>\n\t\t\t\t\t<\/div>\n\t\t\t\t<\/div>\n\t\t<div class=\"e-con-top elementor-element elementor-element-a2159ab e-flex e-con-boxed elementor-invisible e-con e-parent\" data-id=\"a2159ab\" data-element_type=\"container\" data-e-type=\"container\" data-settings=\"{&quot;animation&quot;:&quot;fadeInUp&quot;}\">\n\t\t\t\t\t<div class=\"e-con-inner\">\n\t\t<div class=\"elementor-element elementor-element-b8e1d09 e-con-full e-flex e-con e-child\" data-id=\"b8e1d09\" data-element_type=\"container\" data-e-type=\"container\">\n\t\t\t\t<div class=\"elementor-element elementor-element-f75901d hoekje elementor-widget elementor-widget-image\" data-id=\"f75901d\" data-element_type=\"widget\" data-e-type=\"widget\" data-widget_type=\"image.default\">\n\t\t\t\t<div class=\"elementor-widget-container\">\n\t\t\t\t\t\t\t\t\t\t\t\t\t\t\t<img loading=\"lazy\" decoding=\"async\" width=\"1024\" height=\"768\" src=\"https:\/\/shoretension.com\/wp-content\/uploads\/2024\/04\/ST-unit-1024x768.jpg\" class=\"attachment-large size-large wp-image-2113\" alt=\"\" srcset=\"https:\/\/shoretension.com\/wp-content\/uploads\/2024\/04\/ST-unit-1024x768.jpg 1024w, https:\/\/shoretension.com\/wp-content\/uploads\/2024\/04\/ST-unit-300x225.jpg 300w, https:\/\/shoretension.com\/wp-content\/uploads\/2024\/04\/ST-unit-768x576.jpg 768w, https:\/\/shoretension.com\/wp-content\/uploads\/2024\/04\/ST-unit.jpg 1080w\" sizes=\"(max-width: 1024px) 100vw, 1024px\" \/>\t\t\t\t\t\t\t\t\t\t\t\t\t\t\t<\/div>\n\t\t\t\t<\/div>\n\t\t\t\t<\/div>\n\t\t<div class=\"elementor-element elementor-element-6e92b24 e-con-full e-flex e-con e-child\" data-id=\"6e92b24\" data-element_type=\"container\" data-e-type=\"container\">\n\t\t\t\t<div class=\"elementor-element elementor-element-c09b32b elementor-widget elementor-widget-heading\" data-id=\"c09b32b\" data-element_type=\"widget\" data-e-type=\"widget\" data-widget_type=\"heading.default\">\n\t\t\t\t<div class=\"elementor-widget-container\">\n\t\t\t\t\t<h3 class=\"elementor-heading-title elementor-size-default\">Control remoto<\/h3>\t\t\t\t<\/div>\n\t\t\t\t<\/div>\n\t\t\t\t<div class=\"elementor-element elementor-element-7af9c9a elementor-widget elementor-widget-text-editor\" data-id=\"7af9c9a\" data-element_type=\"widget\" data-e-type=\"widget\" data-widget_type=\"text-editor.default\">\n\t\t\t\t<div class=\"elementor-widget-container\">\n\t\t\t\t\t\t\t\t\t<p>Cada ShoreTension\u00ae tiene su propio control inal\u00e1mbrico. Esto permite al capit\u00e1n de la embarcaci\u00f3n, al operador de la terminal y a otros interesados controlar de forma remota todos los datos, incluida la tensi\u00f3n en las l\u00edneas de amarre ShoreTension, en tiempo real.<\/p><p>A trav\u00e9s de correo electr\u00f3nico o mensaje de texto, se informar\u00e1 autom\u00e1ticamente a todas las partes involucradas si un determinado par\u00e1metro de ShoreTension se acerca a los l\u00edmites preestablecidos y si se requieren medidas adicionales. El sistema inal\u00e1mbrico electr\u00f3nico tambi\u00e9n registra un historial de datos completo.<\/p>\t\t\t\t\t\t\t\t<\/div>\n\t\t\t\t<\/div>\n\t\t\t\t<\/div>\n\t\t\t\t\t<\/div>\n\t\t\t\t<\/div>\n\t\t<div class=\"e-con-top elementor-element elementor-element-1a146e8 e-flex e-con-boxed elementor-invisible e-con e-parent\" data-id=\"1a146e8\" data-element_type=\"container\" data-e-type=\"container\" data-settings=\"{&quot;animation&quot;:&quot;fadeInUp&quot;}\">\n\t\t\t\t\t<div class=\"e-con-inner\">\n\t\t\t\t<div class=\"elementor-element elementor-element-1bc24f3 elementor-widget elementor-widget-heading\" data-id=\"1bc24f3\" data-element_type=\"widget\" data-e-type=\"widget\" data-widget_type=\"heading.default\">\n\t\t\t\t<div class=\"elementor-widget-container\">\n\t\t\t\t\t<h2 class=\"elementor-heading-title elementor-size-default\">ShoreTension\u00ae mantiene todas las l\u00edneas de amarre a la misma tensi\u00f3n constante<\/h2>\t\t\t\t<\/div>\n\t\t\t\t<\/div>\n\t\t\t\t\t<\/div>\n\t\t\t\t<\/div>\n\t\t<div class=\"e-con-top elementor-element elementor-element-c07cb42 rey-section-stretched r-con-cols3 r-con-cols2 r-con-cols1 e-flex e-con-boxed elementor-invisible e-con e-parent\" data-id=\"c07cb42\" data-element_type=\"container\" data-e-type=\"container\" data-settings=\"{&quot;background_background&quot;:&quot;classic&quot;,&quot;animation&quot;:&quot;fadeInUp&quot;}\">\n\t\t\t\t\t<div class=\"e-con-inner\">\n\t\t<div class=\"elementor-element elementor-element-7c41610 e-flex e-con-boxed e-con e-child\" data-id=\"7c41610\" data-element_type=\"container\" data-e-type=\"container\" data-settings=\"{&quot;background_background&quot;:&quot;classic&quot;}\">\n\t\t\t\t\t<div class=\"e-con-inner\">\n\t\t\t\t<div class=\"elementor-element elementor-element-b63cc81 elementor-widget elementor-widget-heading\" data-id=\"b63cc81\" data-element_type=\"widget\" data-e-type=\"widget\" data-widget_type=\"heading.default\">\n\t\t\t\t<div class=\"elementor-widget-container\">\n\t\t\t\t\t<h4 class=\"elementor-heading-title elementor-size-default\">Quiero m\u00e1s informaci\u00f3n sobre las posibilidades del sistema ShoreTension<\/h4>\t\t\t\t<\/div>\n\t\t\t\t<\/div>\n\t\t\t\t<div class=\"elementor-element elementor-element-1c98eda --icon-style-aoh elementor-widget elementor-widget-button\" data-id=\"1c98eda\" data-element_type=\"widget\" data-e-type=\"widget\" data-widget_type=\"button.default\">\n\t\t\t\t<div class=\"elementor-widget-container\">\n\t\t\t\t\t\t\t\t\t<div class=\"elementor-button-wrapper\">\n\t\t\t\t\t<a class=\"elementor-button elementor-button-link elementor-size-sm\" href=\"https:\/\/shoretension.com\/contact\/\">\n\t\t\t\t\t\t<span class=\"elementor-button-content-wrapper\">\n\t\t\t\t\t\t<span class=\"elementor-button-icon\">\n\t\t\t\t<svg xmlns=\"http:\/\/www.w3.org\/2000\/svg\" id=\"Laag_1\" data-name=\"Laag 1\" viewBox=\"0 0 27.81 23.09\"><defs><style>      .wit {        fill: #ffffff;        stroke-width: 0px;      }    <\/style><\/defs><path class=\"wit\" d=\"M16.33.14l-1.05,1.05,9.61,9.61H.34v1.48h24.29l-9.61,9.62,1.05,1.04,11.53-11.53L16.33.14ZM25.5,11.4h0s0,0,0,0h0Z\"><\/path><\/svg>\t\t\t<\/span>\n\t\t\t\t\t\t\t\t\t<span class=\"elementor-button-text\">\uf0e8\tContactar conmigo<\/span>\n\t\t\t\t\t<\/span>\n\t\t\t\t\t<\/a>\n\t\t\t\t<\/div>\n\t\t\t\t\t\t\t\t<\/div>\n\t\t\t\t<\/div>\n\t\t\t\t\t<\/div>\n\t\t\t\t<\/div>\n\t\t\t\t\t<\/div>\n\t\t\t\t<\/div>\n\t\t\t\t<\/div>\n\t\t","protected":false},"excerpt":{"rendered":"<p>ShoreTension\u00ae se coloca en el muelle, entre dos bolardos o puntos fuertes. Un extremo del ShoreTension\u00ae est\u00e1 conectado al bolardo del muelle. Por otro lado, la l\u00ednea de amarre ShoreTension est\u00e1 conectada a la parte m\u00f3vil del equipo, la cual es guiada por una polea, que a su vez est\u00e1 conectada al siguiente bolardo, cuya [&hellip;]<\/p>\n","protected":false},"author":2,"featured_media":0,"parent":0,"menu_order":0,"comment_status":"closed","ping_status":"closed","template":"","meta":{"_acf_changed":false,"footnotes":""},"class_list":["post-2115","page","type-page","status-publish","hentry"],"acf":[],"_links":{"self":[{"href":"https:\/\/shoretension.com\/es\/wp-json\/wp\/v2\/pages\/2115","targetHints":{"allow":["GET"]}}],"collection":[{"href":"https:\/\/shoretension.com\/es\/wp-json\/wp\/v2\/pages"}],"about":[{"href":"https:\/\/shoretension.com\/es\/wp-json\/wp\/v2\/types\/page"}],"author":[{"embeddable":true,"href":"https:\/\/shoretension.com\/es\/wp-json\/wp\/v2\/users\/2"}],"replies":[{"embeddable":true,"href":"https:\/\/shoretension.com\/es\/wp-json\/wp\/v2\/comments?post=2115"}],"version-history":[{"count":14,"href":"https:\/\/shoretension.com\/es\/wp-json\/wp\/v2\/pages\/2115\/revisions"}],"predecessor-version":[{"id":2244,"href":"https:\/\/shoretension.com\/es\/wp-json\/wp\/v2\/pages\/2115\/revisions\/2244"}],"wp:attachment":[{"href":"https:\/\/shoretension.com\/es\/wp-json\/wp\/v2\/media?parent=2115"}],"curies":[{"name":"wp","href":"https:\/\/api.w.org\/{rel}","templated":true}]}}