{"id":2133,"date":"2024-04-23T15:27:17","date_gmt":"2024-04-23T13:27:17","guid":{"rendered":"https:\/\/shoretension.com\/?page_id=2133"},"modified":"2026-03-25T14:06:29","modified_gmt":"2026-03-25T13:06:29","slug":"sustainable-goals","status":"publish","type":"page","link":"https:\/\/shoretension.com\/es\/sustainable-goals\/","title":{"rendered":"Objetivos sostenibles"},"content":{"rendered":"\t\t<div data-elementor-type=\"wp-page\" data-elementor-id=\"2133\" class=\"elementor elementor-2133 elementor-450\" data-elementor-post-type=\"page\">\n\t\t\t\t<div class=\"e-con-top elementor-element elementor-element-79dc057 rey-section-stretched hoekje e-flex e-con-boxed elementor-invisible e-con e-parent\" data-id=\"79dc057\" data-element_type=\"container\" data-e-type=\"container\" data-settings=\"{&quot;background_background&quot;:&quot;classic&quot;,&quot;animation&quot;:&quot;fadeInDown&quot;}\">\n\t\t\t\t\t<div class=\"e-con-inner\">\n\t\t\t\t\t<\/div>\n\t\t\t\t<\/div>\n\t\t<div class=\"e-con-top elementor-element elementor-element-1d851db e-flex e-con-boxed elementor-invisible e-con e-parent\" data-id=\"1d851db\" data-element_type=\"container\" data-e-type=\"container\" data-settings=\"{&quot;animation&quot;:&quot;fadeInUp&quot;}\">\n\t\t\t\t\t<div class=\"e-con-inner\">\n\t\t<div class=\"elementor-element elementor-element-798ba35 e-con-full e-flex e-con e-child\" data-id=\"798ba35\" data-element_type=\"container\" data-e-type=\"container\">\n\t\t\t\t<div class=\"elementor-element elementor-element-f34928f elementor-widget elementor-widget-heading\" data-id=\"f34928f\" data-element_type=\"widget\" data-e-type=\"widget\" data-widget_type=\"heading.default\">\n\t\t\t\t<div class=\"elementor-widget-container\">\n\t\t\t\t\t<h2 class=\"elementor-heading-title elementor-size-default\">Objetivos sostenibles<\/h2>\t\t\t\t<\/div>\n\t\t\t\t<\/div>\n\t\t\t\t<div class=\"elementor-element elementor-element-eb534f1 elementor-widget elementor-widget-text-editor\" data-id=\"eb534f1\" data-element_type=\"widget\" data-e-type=\"widget\" data-widget_type=\"text-editor.default\">\n\t\t\t\t<div class=\"elementor-widget-container\">\n\t\t\t\t\t\t\t\t\t<p>Hoy nos enfrentamos a relevantes objetivos clim\u00e1ticos. Desde los inicios de ShoreTension\u00ae, siempre hemos tenido en cuenta el medio ambiente. A trav\u00e9s del desarrollo y dise\u00f1o, ShoreTension\u00ae alcanzo la autosuficiencia energ\u00e9tica. Por ello, nos enorgullecemos de afirmar que es la \u00fanica \u00absoluci\u00f3n ecol\u00f3gica para un amarre seguro\u00bb. Sin consumo de energ\u00eda externa ni emisiones. Cero emisiones.\u00a0<\/p>\t\t\t\t\t\t\t\t<\/div>\n\t\t\t\t<\/div>\n\t\t\t\t<\/div>\n\t\t<div class=\"elementor-element elementor-element-cfe1ebf e-con-full e-flex e-con e-child\" data-id=\"cfe1ebf\" data-element_type=\"container\" data-e-type=\"container\">\n\t\t\t\t<div class=\"elementor-element elementor-element-22bb623 hoekje elementor-widget elementor-widget-image\" data-id=\"22bb623\" data-element_type=\"widget\" data-e-type=\"widget\" data-widget_type=\"image.default\">\n\t\t\t\t<div class=\"elementor-widget-container\">\n\t\t\t\t\t\t\t\t\t\t\t\t\t\t\t<img decoding=\"async\" width=\"43\" height=\"43\" src=\"https:\/\/shoretension.com\/wp-content\/uploads\/2024\/03\/Green-solution-1.svg\" class=\"attachment-large size-large wp-image-2044\" alt=\"\" \/>\t\t\t\t\t\t\t\t\t\t\t\t\t\t\t<\/div>\n\t\t\t\t<\/div>\n\t\t\t\t<\/div>\n\t\t\t\t\t<\/div>\n\t\t\t\t<\/div>\n\t\t<div class=\"e-con-top elementor-element elementor-element-1b96efe rey-section-stretched e-flex e-con-boxed elementor-invisible e-con e-parent\" data-id=\"1b96efe\" data-element_type=\"container\" data-e-type=\"container\" data-settings=\"{&quot;background_background&quot;:&quot;classic&quot;,&quot;animation&quot;:&quot;fadeInUp&quot;}\">\n\t\t\t\t\t<div class=\"e-con-inner\">\n\t\t<div class=\"elementor-element elementor-element-f5072a9 e-con-full e-flex e-con e-child\" data-id=\"f5072a9\" data-element_type=\"container\" data-e-type=\"container\">\n\t\t\t\t<div class=\"elementor-element elementor-element-7cacc61 hoekje elementor-widget elementor-widget-image\" data-id=\"7cacc61\" data-element_type=\"widget\" data-e-type=\"widget\" data-widget_type=\"image.default\">\n\t\t\t\t<div class=\"elementor-widget-container\">\n\t\t\t\t\t\t\t\t\t\t\t\t\t\t\t<img fetchpriority=\"high\" decoding=\"async\" width=\"1015\" height=\"593\" src=\"https:\/\/shoretension.com\/wp-content\/uploads\/2024\/04\/Rotterdam.jpg\" class=\"attachment-large size-large wp-image-2130\" alt=\"\" srcset=\"https:\/\/shoretension.com\/wp-content\/uploads\/2024\/04\/Rotterdam.jpg 1015w, https:\/\/shoretension.com\/wp-content\/uploads\/2024\/04\/Rotterdam-300x175.jpg 300w, https:\/\/shoretension.com\/wp-content\/uploads\/2024\/04\/Rotterdam-768x449.jpg 768w\" sizes=\"(max-width: 1015px) 100vw, 1015px\" \/>\t\t\t\t\t\t\t\t\t\t\t\t\t\t\t<\/div>\n\t\t\t\t<\/div>\n\t\t\t\t<div class=\"elementor-element elementor-element-678e202 elementor-widget elementor-widget-heading\" data-id=\"678e202\" data-element_type=\"widget\" data-e-type=\"widget\" data-widget_type=\"heading.default\">\n\t\t\t\t<div class=\"elementor-widget-container\">\n\t\t\t\t\t<h3 class=\"elementor-heading-title elementor-size-default\">Cero emisiones de CO2<\/h3>\t\t\t\t<\/div>\n\t\t\t\t<\/div>\n\t\t\t\t<div class=\"elementor-element elementor-element-d203c2d elementor-widget elementor-widget-text-editor\" data-id=\"d203c2d\" data-element_type=\"widget\" data-e-type=\"widget\" data-widget_type=\"text-editor.default\">\n\t\t\t\t<div class=\"elementor-widget-container\">\n\t\t\t\t\t\t\t\t\t<p>El sistema ShoreTension solamente se activa en el momento en que la embarcaci\u00f3n atraca y ShoreTension\u00ae despliega su l\u00ednea de amarre exclusiva. Mientras se extiende la l\u00ednea, el sistema ShoreTension almacena energ\u00eda internamente. Cuando las cargas m\u00e1ximas han terminado, el sistema ShoreTension se mueve en l\u00ednea con la energ\u00eda almacenada y vuelve a su posici\u00f3n inicial.<\/p>\t\t\t\t\t\t\t\t<\/div>\n\t\t\t\t<\/div>\n\t\t\t\t<\/div>\n\t\t<div class=\"elementor-element elementor-element-3ae320f e-con-full e-flex e-con e-child\" data-id=\"3ae320f\" data-element_type=\"container\" data-e-type=\"container\">\n\t\t\t\t<div class=\"elementor-element elementor-element-11b04c6 hoekje elementor-widget elementor-widget-image\" data-id=\"11b04c6\" data-element_type=\"widget\" data-e-type=\"widget\" data-widget_type=\"image.default\">\n\t\t\t\t<div class=\"elementor-widget-container\">\n\t\t\t\t\t\t\t\t\t\t\t\t\t\t\t<img decoding=\"async\" width=\"1024\" height=\"768\" src=\"https:\/\/shoretension.com\/wp-content\/uploads\/2024\/04\/ShoreTensionearth.jpg\" class=\"attachment-large size-large wp-image-2131\" alt=\"\" srcset=\"https:\/\/shoretension.com\/wp-content\/uploads\/2024\/04\/ShoreTensionearth.jpg 1024w, https:\/\/shoretension.com\/wp-content\/uploads\/2024\/04\/ShoreTensionearth-300x225.jpg 300w, https:\/\/shoretension.com\/wp-content\/uploads\/2024\/04\/ShoreTensionearth-768x576.jpg 768w\" sizes=\"(max-width: 1024px) 100vw, 1024px\" \/>\t\t\t\t\t\t\t\t\t\t\t\t\t\t\t<\/div>\n\t\t\t\t<\/div>\n\t\t\t\t<div class=\"elementor-element elementor-element-b5b3c13 elementor-widget elementor-widget-heading\" data-id=\"b5b3c13\" data-element_type=\"widget\" data-e-type=\"widget\" data-widget_type=\"heading.default\">\n\t\t\t\t<div class=\"elementor-widget-container\">\n\t\t\t\t\t<h3 class=\"elementor-heading-title elementor-size-default\">Soluci\u00f3n ecol\u00f3gica<\/h3>\t\t\t\t<\/div>\n\t\t\t\t<\/div>\n\t\t\t\t<div class=\"elementor-element elementor-element-5789cbe elementor-widget elementor-widget-text-editor\" data-id=\"5789cbe\" data-element_type=\"widget\" data-e-type=\"widget\" data-widget_type=\"text-editor.default\">\n\t\t\t\t<div class=\"elementor-widget-container\">\n\t\t\t\t\t\t\t\t\t<p>Para un amarre seguro. ShoreTension garantiza que las embarcaciones carguen y descarguen m\u00e1s r\u00e1pido. Como resultado, las compa\u00f1\u00edas navieras ahorran mucho tiempo y dinero, lo que implica un trabajo mucho m\u00e1s eficiente con mayor rendimiento. \u00a1Como los sistemas ShoreTension tienen cero emisiones, podemos decir con orgullo que somos la soluci\u00f3n ecol\u00f3gica para un amarre seguro!<\/p>\t\t\t\t\t\t\t\t<\/div>\n\t\t\t\t<\/div>\n\t\t\t\t<\/div>\n\t\t\t\t\t<\/div>\n\t\t\t\t<\/div>\n\t\t<div class=\"e-con-top elementor-element elementor-element-ebe383d e-flex e-con-boxed elementor-invisible e-con e-parent\" data-id=\"ebe383d\" data-element_type=\"container\" data-e-type=\"container\" data-settings=\"{&quot;animation&quot;:&quot;fadeInUp&quot;}\">\n\t\t\t\t\t<div class=\"e-con-inner\">\n\t\t<div class=\"elementor-element elementor-element-74659f3 e-con-full e-flex e-con e-child\" data-id=\"74659f3\" data-element_type=\"container\" data-e-type=\"container\">\n\t\t\t\t<div class=\"elementor-element elementor-element-537ef1a elementor-widget elementor-widget-heading\" data-id=\"537ef1a\" data-element_type=\"widget\" data-e-type=\"widget\" data-widget_type=\"heading.default\">\n\t\t\t\t<div class=\"elementor-widget-container\">\n\t\t\t\t\t<h3 class=\"elementor-heading-title elementor-size-default\">Objetivos clim\u00e1ticos<\/h3>\t\t\t\t<\/div>\n\t\t\t\t<\/div>\n\t\t\t\t<div class=\"elementor-element elementor-element-bea6893 elementor-widget elementor-widget-text-editor\" data-id=\"bea6893\" data-element_type=\"widget\" data-e-type=\"widget\" data-widget_type=\"text-editor.default\">\n\t\t\t\t<div class=\"elementor-widget-container\">\n\t\t\t\t\t\t\t\t\t<p>A pesar de los enormes esfuerzos que est\u00e1n realizando en el rubro mar\u00edtimo en la actualidad para producir y operar de forma m\u00e1s sostenible, todav\u00eda est\u00e1 lejos de ser suficiente para cumplir con los objetivos clim\u00e1ticos de 2030. Por ello, estamos orgullosos de que nuestros sistemas, una vez presurizados, ya no necesitan energ\u00eda externa. Ni siquiera energ\u00eda el\u00e9ctrica. El cilindro es un sistema aut\u00f3nomo. En estos momentos estamos llevando a cabo pruebas para que el cilindro funcione completamente como neutro en CO2. De esta manera, los sistemas son autosuficientes en sus necesidades energ\u00e9ticas.<\/p>\t\t\t\t\t\t\t\t<\/div>\n\t\t\t\t<\/div>\n\t\t\t\t<\/div>\n\t\t<div class=\"elementor-element elementor-element-18b42e5 e-con-full e-flex e-con e-child\" data-id=\"18b42e5\" data-element_type=\"container\" data-e-type=\"container\">\n\t\t\t\t<div class=\"elementor-element elementor-element-f0224e0 hoekje elementor-widget elementor-widget-image\" data-id=\"f0224e0\" data-element_type=\"widget\" data-e-type=\"widget\" data-widget_type=\"image.default\">\n\t\t\t\t<div class=\"elementor-widget-container\">\n\t\t\t\t\t\t\t\t\t\t\t\t\t\t\t<img loading=\"lazy\" decoding=\"async\" width=\"1024\" height=\"683\" src=\"https:\/\/shoretension.com\/wp-content\/uploads\/2024\/04\/SDGs-1024x683.jpg\" class=\"attachment-large size-large wp-image-2132\" alt=\"\" srcset=\"https:\/\/shoretension.com\/wp-content\/uploads\/2024\/04\/SDGs-1024x683.jpg 1024w, https:\/\/shoretension.com\/wp-content\/uploads\/2024\/04\/SDGs-300x200.jpg 300w, https:\/\/shoretension.com\/wp-content\/uploads\/2024\/04\/SDGs-768x512.jpg 768w, https:\/\/shoretension.com\/wp-content\/uploads\/2024\/04\/SDGs.jpg 1080w\" sizes=\"(max-width: 1024px) 100vw, 1024px\" \/>\t\t\t\t\t\t\t\t\t\t\t\t\t\t\t<\/div>\n\t\t\t\t<\/div>\n\t\t\t\t<\/div>\n\t\t\t\t\t<\/div>\n\t\t\t\t<\/div>\n\t\t<div class=\"e-con-top elementor-element elementor-element-c07cb42 rey-section-stretched r-con-cols3 r-con-cols2 r-con-cols1 e-flex e-con-boxed elementor-invisible e-con e-parent\" data-id=\"c07cb42\" data-element_type=\"container\" data-e-type=\"container\" data-settings=\"{&quot;background_background&quot;:&quot;classic&quot;,&quot;animation&quot;:&quot;fadeInUp&quot;}\">\n\t\t\t\t\t<div class=\"e-con-inner\">\n\t\t<div class=\"elementor-element elementor-element-7c41610 e-flex e-con-boxed e-con e-child\" data-id=\"7c41610\" data-element_type=\"container\" data-e-type=\"container\" data-settings=\"{&quot;background_background&quot;:&quot;classic&quot;}\">\n\t\t\t\t\t<div class=\"e-con-inner\">\n\t\t\t\t<div class=\"elementor-element elementor-element-b63cc81 elementor-widget elementor-widget-heading\" data-id=\"b63cc81\" data-element_type=\"widget\" data-e-type=\"widget\" data-widget_type=\"heading.default\">\n\t\t\t\t<div class=\"elementor-widget-container\">\n\t\t\t\t\t<h4 class=\"elementor-heading-title elementor-size-default\">Quiero m\u00e1s informaci\u00f3n sobre las posibilidades del sistema ShoreTension<\/h4>\t\t\t\t<\/div>\n\t\t\t\t<\/div>\n\t\t\t\t<div class=\"elementor-element elementor-element-1c98eda --icon-style-aoh elementor-widget elementor-widget-button\" data-id=\"1c98eda\" data-element_type=\"widget\" data-e-type=\"widget\" data-widget_type=\"button.default\">\n\t\t\t\t<div class=\"elementor-widget-container\">\n\t\t\t\t\t\t\t\t\t<div class=\"elementor-button-wrapper\">\n\t\t\t\t\t<a class=\"elementor-button elementor-button-link elementor-size-sm\" href=\"https:\/\/shoretension.com\/contact\/\">\n\t\t\t\t\t\t<span class=\"elementor-button-content-wrapper\">\n\t\t\t\t\t\t<span class=\"elementor-button-icon\">\n\t\t\t\t<svg xmlns=\"http:\/\/www.w3.org\/2000\/svg\" id=\"Laag_1\" data-name=\"Laag 1\" viewBox=\"0 0 27.81 23.09\"><defs><style>      .wit {        fill: #ffffff;        stroke-width: 0px;      }    <\/style><\/defs><path class=\"wit\" d=\"M16.33.14l-1.05,1.05,9.61,9.61H.34v1.48h24.29l-9.61,9.62,1.05,1.04,11.53-11.53L16.33.14ZM25.5,11.4h0s0,0,0,0h0Z\"><\/path><\/svg>\t\t\t<\/span>\n\t\t\t\t\t\t\t\t\t<span class=\"elementor-button-text\">\uf0e8\tContactar conmigo<\/span>\n\t\t\t\t\t<\/span>\n\t\t\t\t\t<\/a>\n\t\t\t\t<\/div>\n\t\t\t\t\t\t\t\t<\/div>\n\t\t\t\t<\/div>\n\t\t\t\t\t<\/div>\n\t\t\t\t<\/div>\n\t\t\t\t\t<\/div>\n\t\t\t\t<\/div>\n\t\t\t\t<\/div>\n\t\t","protected":false},"excerpt":{"rendered":"<p>Objetivos sostenibles Hoy nos enfrentamos a relevantes objetivos clim\u00e1ticos. Desde los inicios de ShoreTension\u00ae, siempre hemos tenido en cuenta el medio ambiente. A trav\u00e9s del desarrollo y dise\u00f1o, ShoreTension\u00ae alcanzo la autosuficiencia energ\u00e9tica. Por ello, nos enorgullecemos de afirmar que es la \u00fanica \u00absoluci\u00f3n ecol\u00f3gica para un amarre seguro\u00bb. Sin consumo de energ\u00eda externa ni [&hellip;]<\/p>\n","protected":false},"author":2,"featured_media":0,"parent":0,"menu_order":0,"comment_status":"closed","ping_status":"closed","template":"","meta":{"_acf_changed":false,"footnotes":""},"class_list":["post-2133","page","type-page","status-publish","hentry"],"acf":[],"_links":{"self":[{"href":"https:\/\/shoretension.com\/es\/wp-json\/wp\/v2\/pages\/2133","targetHints":{"allow":["GET"]}}],"collection":[{"href":"https:\/\/shoretension.com\/es\/wp-json\/wp\/v2\/pages"}],"about":[{"href":"https:\/\/shoretension.com\/es\/wp-json\/wp\/v2\/types\/page"}],"author":[{"embeddable":true,"href":"https:\/\/shoretension.com\/es\/wp-json\/wp\/v2\/users\/2"}],"replies":[{"embeddable":true,"href":"https:\/\/shoretension.com\/es\/wp-json\/wp\/v2\/comments?post=2133"}],"version-history":[{"count":12,"href":"https:\/\/shoretension.com\/es\/wp-json\/wp\/v2\/pages\/2133\/revisions"}],"predecessor-version":[{"id":2247,"href":"https:\/\/shoretension.com\/es\/wp-json\/wp\/v2\/pages\/2133\/revisions\/2247"}],"wp:attachment":[{"href":"https:\/\/shoretension.com\/es\/wp-json\/wp\/v2\/media?parent=2133"}],"curies":[{"name":"wp","href":"https:\/\/api.w.org\/{rel}","templated":true}]}}