{"id":2277,"date":"2024-04-24T10:20:23","date_gmt":"2024-04-24T08:20:23","guid":{"rendered":"https:\/\/shoretension.com\/?page_id=2277"},"modified":"2026-03-26T15:58:48","modified_gmt":"2026-03-26T14:58:48","slug":"noticias","status":"publish","type":"page","link":"https:\/\/shoretension.com\/es\/noticias\/","title":{"rendered":"Noticias"},"content":{"rendered":"\t\t<div data-elementor-type=\"wp-page\" data-elementor-id=\"2277\" class=\"elementor elementor-2277 elementor-499\" data-elementor-post-type=\"page\">\n\t\t\t\t<div class=\"e-con-top elementor-element elementor-element-fe08eff rey-section-stretched hoekje e-flex e-con-boxed elementor-invisible e-con e-parent\" data-id=\"fe08eff\" data-element_type=\"container\" data-e-type=\"container\" data-settings=\"{&quot;background_background&quot;:&quot;classic&quot;,&quot;animation&quot;:&quot;fadeInDown&quot;}\">\n\t\t\t\t\t<div class=\"e-con-inner\">\n\t\t\t\t\t<\/div>\n\t\t\t\t<\/div>\n\t\t<div class=\"e-con-top elementor-element elementor-element-dcebc1d e-flex e-con-boxed elementor-invisible e-con e-parent\" data-id=\"dcebc1d\" data-element_type=\"container\" data-e-type=\"container\" data-settings=\"{&quot;animation&quot;:&quot;fadeInUp&quot;}\">\n\t\t\t\t\t<div class=\"e-con-inner\">\n\t\t\t\t<div class=\"elementor-element elementor-element-10516ee elementor-widget elementor-widget-heading\" data-id=\"10516ee\" data-element_type=\"widget\" data-e-type=\"widget\" data-widget_type=\"heading.default\">\n\t\t\t\t<div class=\"elementor-widget-container\">\n\t\t\t\t\t<h4 class=\"elementor-heading-title elementor-size-default\">Publicaciones m\u00e1s recientes<\/h4>\t\t\t\t<\/div>\n\t\t\t\t<\/div>\n\t\t\t\t<div class=\"elementor-element elementor-element-63090b5 elementor-grid-1 elementor-grid-tablet-1 elementor-grid-mobile-1 elementor-widget elementor-widget-loop-grid\" data-id=\"63090b5\" data-element_type=\"widget\" data-e-type=\"widget\" data-settings=\"{&quot;template_id&quot;:157,&quot;columns&quot;:1,&quot;pagination_type&quot;:&quot;prev_next&quot;,&quot;columns_tablet&quot;:1,&quot;_skin&quot;:&quot;post&quot;,&quot;columns_mobile&quot;:&quot;1&quot;,&quot;edit_handle_selector&quot;:&quot;[data-elementor-type=\\&quot;loop-item\\&quot;]&quot;,&quot;pagination_load_type&quot;:&quot;page_reload&quot;,&quot;row_gap&quot;:{&quot;unit&quot;:&quot;px&quot;,&quot;size&quot;:&quot;&quot;,&quot;sizes&quot;:[]},&quot;row_gap_tablet&quot;:{&quot;unit&quot;:&quot;px&quot;,&quot;size&quot;:&quot;&quot;,&quot;sizes&quot;:[]},&quot;row_gap_mobile&quot;:{&quot;unit&quot;:&quot;px&quot;,&quot;size&quot;:&quot;&quot;,&quot;sizes&quot;:[]}}\" data-widget_type=\"loop-grid.post\">\n\t\t\t\t<div class=\"elementor-widget-container\">\n\t\t\t\t\t\t\t<div class=\"elementor-loop-container elementor-grid\" role=\"list\">\n\t\t<style id=\"loop-157\">.elementor-157 .elementor-element.elementor-element-d16cedc{--display:flex;--flex-direction:row;--container-widget-width:initial;--container-widget-height:100%;--container-widget-flex-grow:1;--container-widget-align-self:stretch;--flex-wrap-mobile:wrap;--margin-top:0px;--margin-bottom:0px;--margin-left:0px;--margin-right:0px;--padding-top:0px;--padding-bottom:0px;--padding-left:0px;--padding-right:0px;}.elementor-157 .elementor-element.elementor-element-176db33{--display:flex;--flex-direction:row;--container-widget-width:initial;--container-widget-height:100%;--container-widget-flex-grow:1;--container-widget-align-self:stretch;--flex-wrap-mobile:wrap;--gap:80px 80px;--row-gap:80px;--column-gap:80px;--background-transition:0.3s;--margin-top:0px;--margin-bottom:0px;--margin-left:-60px;--margin-right:-60px;--padding-top:40px;--padding-bottom:40px;--padding-left:60px;--padding-right:60px;}.elementor-157 .elementor-element.elementor-element-176db33:not(.elementor-motion-effects-element-type-background), .elementor-157 .elementor-element.elementor-element-176db33 > .elementor-motion-effects-container > .elementor-motion-effects-layer{background-color:#FFFFFF;}.elementor-157 .elementor-element.elementor-element-176db33:hover{background-color:var( --e-global-color-11dc5ac );}.elementor-157 .elementor-element.elementor-element-176db33.e-con{--flex-grow:1;--flex-shrink:0;}.elementor-widget-heading .elementor-heading-title{font-family:var( --e-global-typography-primary-font-family ), Sans-serif;font-weight:var( --e-global-typography-primary-font-weight );color:var( --e-global-color-primary );}.elementor-157 .elementor-element.elementor-element-5aeef53 .elementor-heading-title{font-family:var( --e-global-typography-primary-font-family ), Sans-serif;font-weight:var( --e-global-typography-primary-font-weight );}.elementor-157 .elementor-element.elementor-element-5aeef53{width:var( --container-widget-width, 70% );max-width:70%;--container-widget-width:70%;--container-widget-flex-grow:0;}.elementor-157 .elementor-element.elementor-element-5aeef53.elementor-element{--flex-grow:1;--flex-shrink:0;}.elementor-widget-image .widget-image-caption{color:var( --e-global-color-text );font-family:var( --e-global-typography-text-font-family ), Sans-serif;font-weight:var( --e-global-typography-text-font-weight );}<\/style>\t\t<div data-elementor-type=\"loop-item\" data-elementor-id=\"157\" class=\"elementor elementor-157 e-loop-item e-loop-item-2301 post-2301 post type-post status-publish format-standard has-post-thumbnail hentry category-sin-categoria\" data-elementor-post-type=\"elementor_library\" data-custom-edit-handle=\"1\">\n\t\t\t<div class=\"elementor-element elementor-element-d16cedc e-flex e-con-boxed e-con e-parent\" data-id=\"d16cedc\" data-element_type=\"container\" data-e-type=\"container\">\n\t\t\t\t\t<div class=\"e-con-inner\">\n\t\t<div class=\"elementor-element elementor-element-176db33 e-flex e-con-boxed e-con e-child\" data-id=\"176db33\" data-element_type=\"container\" data-e-type=\"container\" data-settings=\"{&quot;background_background&quot;:&quot;classic&quot;}\">\n\t\t\t\t\t<div class=\"e-con-inner\">\n\t\t\t\t<div class=\"elementor-element elementor-element-5aeef53 elementor-widget__width-initial elementor-widget elementor-widget-heading\" data-id=\"5aeef53\" data-element_type=\"widget\" data-e-type=\"widget\" data-widget_type=\"heading.default\">\n\t\t\t\t<div class=\"elementor-widget-container\">\n\t\t\t\t\t<h2 class=\"elementor-heading-title elementor-size-default\"><a href=\"https:\/\/shoretension.com\/es\/amarre-en-proyecto-de-shoretension\/\">Amarre en proyecto de ShoreTension\u00ae<\/a><\/h2>\t\t\t\t<\/div>\n\t\t\t\t<\/div>\n\t\t\t\t<div class=\"elementor-element elementor-element-bfe1abe hoekje elementor-widget elementor-widget-image\" data-id=\"bfe1abe\" data-element_type=\"widget\" data-e-type=\"widget\" data-widget_type=\"image.default\">\n\t\t\t\t<div class=\"elementor-widget-container\">\n\t\t\t\t\t\t\t\t\t\t\t\t\t\t\t\t<a href=\"https:\/\/shoretension.com\/es\/amarre-en-proyecto-de-shoretension\/\">\n\t\t\t\t\t\t\t<img fetchpriority=\"high\" decoding=\"async\" width=\"948\" height=\"710\" src=\"https:\/\/shoretension.com\/wp-content\/uploads\/2024\/11\/ShoreTension-project_1-1.jpg\" class=\"attachment-large size-large wp-image-2300\" alt=\"\" srcset=\"https:\/\/shoretension.com\/wp-content\/uploads\/2024\/11\/ShoreTension-project_1-1.jpg 948w, https:\/\/shoretension.com\/wp-content\/uploads\/2024\/11\/ShoreTension-project_1-1-300x225.jpg 300w, https:\/\/shoretension.com\/wp-content\/uploads\/2024\/11\/ShoreTension-project_1-1-768x575.jpg 768w\" sizes=\"(max-width: 948px) 100vw, 948px\" \/>\t\t\t\t\t\t\t\t<\/a>\n\t\t\t\t\t\t\t\t\t\t\t\t\t\t\t<\/div>\n\t\t\t\t<\/div>\n\t\t\t\t\t<\/div>\n\t\t\t\t<\/div>\n\t\t\t\t\t<\/div>\n\t\t\t\t<\/div>\n\t\t\t\t<\/div>\n\t\t\t\t<div data-elementor-type=\"loop-item\" data-elementor-id=\"157\" class=\"elementor elementor-157 e-loop-item e-loop-item-2287 post-2287 post type-post status-publish format-standard has-post-thumbnail hentry category-sin-categoria\" data-elementor-post-type=\"elementor_library\" data-custom-edit-handle=\"1\">\n\t\t\t<div class=\"elementor-element elementor-element-d16cedc e-flex e-con-boxed e-con e-parent\" data-id=\"d16cedc\" data-element_type=\"container\" data-e-type=\"container\">\n\t\t\t\t\t<div class=\"e-con-inner\">\n\t\t<div class=\"elementor-element elementor-element-176db33 e-flex e-con-boxed e-con e-child\" data-id=\"176db33\" data-element_type=\"container\" data-e-type=\"container\" data-settings=\"{&quot;background_background&quot;:&quot;classic&quot;}\">\n\t\t\t\t\t<div class=\"e-con-inner\">\n\t\t\t\t<div class=\"elementor-element elementor-element-5aeef53 elementor-widget__width-initial elementor-widget elementor-widget-heading\" data-id=\"5aeef53\" data-element_type=\"widget\" data-e-type=\"widget\" data-widget_type=\"heading.default\">\n\t\t\t\t<div class=\"elementor-widget-container\">\n\t\t\t\t\t<h2 class=\"elementor-heading-title elementor-size-default\"><a href=\"https:\/\/shoretension.com\/es\/largo-plazo-amarre-de-la-fpso\/\">Largo plazo \u2013 Amarre de la FPSO<\/a><\/h2>\t\t\t\t<\/div>\n\t\t\t\t<\/div>\n\t\t\t\t<div class=\"elementor-element elementor-element-bfe1abe hoekje elementor-widget elementor-widget-image\" data-id=\"bfe1abe\" data-element_type=\"widget\" data-e-type=\"widget\" data-widget_type=\"image.default\">\n\t\t\t\t<div class=\"elementor-widget-container\">\n\t\t\t\t\t\t\t\t\t\t\t\t\t\t\t\t<a href=\"https:\/\/shoretension.com\/es\/largo-plazo-amarre-de-la-fpso\/\">\n\t\t\t\t\t\t\t<img decoding=\"async\" width=\"1024\" height=\"768\" src=\"https:\/\/shoretension.com\/wp-content\/uploads\/2024\/06\/ShoreTension-FPSO-scaled.jpg\" class=\"attachment-large size-large wp-image-2286\" alt=\"\" srcset=\"https:\/\/shoretension.com\/wp-content\/uploads\/2024\/06\/ShoreTension-FPSO-scaled.jpg 2560w, https:\/\/shoretension.com\/wp-content\/uploads\/2024\/06\/ShoreTension-FPSO-300x225.jpg 300w\" sizes=\"(max-width: 1024px) 100vw, 1024px\" \/>\t\t\t\t\t\t\t\t<\/a>\n\t\t\t\t\t\t\t\t\t\t\t\t\t\t\t<\/div>\n\t\t\t\t<\/div>\n\t\t\t\t\t<\/div>\n\t\t\t\t<\/div>\n\t\t\t\t\t<\/div>\n\t\t\t\t<\/div>\n\t\t\t\t<\/div>\n\t\t\t\t<div data-elementor-type=\"loop-item\" data-elementor-id=\"157\" class=\"elementor elementor-157 e-loop-item e-loop-item-2493 post-2493 post type-post status-publish format-standard has-post-thumbnail hentry category-sin-categoria\" data-elementor-post-type=\"elementor_library\" data-custom-edit-handle=\"1\">\n\t\t\t<div class=\"elementor-element elementor-element-d16cedc e-flex e-con-boxed e-con e-parent\" data-id=\"d16cedc\" data-element_type=\"container\" data-e-type=\"container\">\n\t\t\t\t\t<div class=\"e-con-inner\">\n\t\t<div class=\"elementor-element elementor-element-176db33 e-flex e-con-boxed e-con e-child\" data-id=\"176db33\" data-element_type=\"container\" data-e-type=\"container\" data-settings=\"{&quot;background_background&quot;:&quot;classic&quot;}\">\n\t\t\t\t\t<div class=\"e-con-inner\">\n\t\t\t\t<div class=\"elementor-element elementor-element-5aeef53 elementor-widget__width-initial elementor-widget elementor-widget-heading\" data-id=\"5aeef53\" data-element_type=\"widget\" data-e-type=\"widget\" data-widget_type=\"heading.default\">\n\t\t\t\t<div class=\"elementor-widget-container\">\n\t\t\t\t\t<h2 class=\"elementor-heading-title elementor-size-default\"><a href=\"https:\/\/shoretension.com\/es\/shoretension-en-tanger-marruecos\/\">ShoreTension\u00ae en T\u00e1nger, Marruecos<\/a><\/h2>\t\t\t\t<\/div>\n\t\t\t\t<\/div>\n\t\t\t\t<div class=\"elementor-element elementor-element-bfe1abe hoekje elementor-widget elementor-widget-image\" data-id=\"bfe1abe\" data-element_type=\"widget\" data-e-type=\"widget\" data-widget_type=\"image.default\">\n\t\t\t\t<div class=\"elementor-widget-container\">\n\t\t\t\t\t\t\t\t\t\t\t\t\t\t\t\t<a href=\"https:\/\/shoretension.com\/es\/shoretension-en-tanger-marruecos\/\">\n\t\t\t\t\t\t\t<img decoding=\"async\" width=\"974\" height=\"737\" src=\"https:\/\/shoretension.com\/wp-content\/uploads\/2023\/06\/Tanger.jpg\" class=\"attachment-large size-large wp-image-2212\" alt=\"\" srcset=\"https:\/\/shoretension.com\/wp-content\/uploads\/2023\/06\/Tanger.jpg 974w, https:\/\/shoretension.com\/wp-content\/uploads\/2023\/06\/Tanger-300x227.jpg 300w, https:\/\/shoretension.com\/wp-content\/uploads\/2023\/06\/Tanger-768x581.jpg 768w\" sizes=\"(max-width: 974px) 100vw, 974px\" \/>\t\t\t\t\t\t\t\t<\/a>\n\t\t\t\t\t\t\t\t\t\t\t\t\t\t\t<\/div>\n\t\t\t\t<\/div>\n\t\t\t\t\t<\/div>\n\t\t\t\t<\/div>\n\t\t\t\t\t<\/div>\n\t\t\t\t<\/div>\n\t\t\t\t<\/div>\n\t\t\t\t<div data-elementor-type=\"loop-item\" data-elementor-id=\"157\" class=\"elementor elementor-157 e-loop-item e-loop-item-2503 post-2503 post type-post status-publish format-standard hentry category-sin-categoria\" data-elementor-post-type=\"elementor_library\" data-custom-edit-handle=\"1\">\n\t\t\t<div class=\"elementor-element elementor-element-d16cedc e-flex e-con-boxed e-con e-parent\" data-id=\"d16cedc\" data-element_type=\"container\" data-e-type=\"container\">\n\t\t\t\t\t<div class=\"e-con-inner\">\n\t\t<div class=\"elementor-element elementor-element-176db33 e-flex e-con-boxed e-con e-child\" data-id=\"176db33\" data-element_type=\"container\" data-e-type=\"container\" data-settings=\"{&quot;background_background&quot;:&quot;classic&quot;}\">\n\t\t\t\t\t<div class=\"e-con-inner\">\n\t\t\t\t<div class=\"elementor-element elementor-element-5aeef53 elementor-widget__width-initial elementor-widget elementor-widget-heading\" data-id=\"5aeef53\" data-element_type=\"widget\" data-e-type=\"widget\" data-widget_type=\"heading.default\">\n\t\t\t\t<div class=\"elementor-widget-container\">\n\t\t\t\t\t<h2 class=\"elementor-heading-title elementor-size-default\"><a href=\"https:\/\/shoretension.com\/es\/cambio-significativo-en-el-rendimiento-y-la-seguridad-de-la-terminal-del-puerto-de-coega\/\">Cambio significativo en el rendimiento y la seguridad de la terminal del puerto de Coega<\/a><\/h2>\t\t\t\t<\/div>\n\t\t\t\t<\/div>\n\t\t\t\t\t<\/div>\n\t\t\t\t<\/div>\n\t\t\t\t\t<\/div>\n\t\t\t\t<\/div>\n\t\t\t\t<\/div>\n\t\t\t\t<div data-elementor-type=\"loop-item\" data-elementor-id=\"157\" class=\"elementor elementor-157 e-loop-item e-loop-item-2294 post-2294 post type-post status-publish format-standard hentry category-sin-categoria\" data-elementor-post-type=\"elementor_library\" data-custom-edit-handle=\"1\">\n\t\t\t<div class=\"elementor-element elementor-element-d16cedc e-flex e-con-boxed e-con e-parent\" data-id=\"d16cedc\" data-element_type=\"container\" data-e-type=\"container\">\n\t\t\t\t\t<div class=\"e-con-inner\">\n\t\t<div class=\"elementor-element elementor-element-176db33 e-flex e-con-boxed e-con e-child\" data-id=\"176db33\" data-element_type=\"container\" data-e-type=\"container\" data-settings=\"{&quot;background_background&quot;:&quot;classic&quot;}\">\n\t\t\t\t\t<div class=\"e-con-inner\">\n\t\t\t\t<div class=\"elementor-element elementor-element-5aeef53 elementor-widget__width-initial elementor-widget elementor-widget-heading\" data-id=\"5aeef53\" data-element_type=\"widget\" data-e-type=\"widget\" data-widget_type=\"heading.default\">\n\t\t\t\t<div class=\"elementor-widget-container\">\n\t\t\t\t\t<h2 class=\"elementor-heading-title elementor-size-default\"><a href=\"https:\/\/shoretension.com\/es\/shoretension-ha-amarrado-de-forma-segura-una-unidad-flotante-de-produccion-almacenamiento-y-descarga-fpso-en-dundee-escocia\/\">ShoreTension\u00ae ha amarrado de forma segura una unidad flotante de producci\u00f3n, almacenamiento y descarga (FPSO) en Dundee, Escocia<\/a><\/h2>\t\t\t\t<\/div>\n\t\t\t\t<\/div>\n\t\t\t\t\t<\/div>\n\t\t\t\t<\/div>\n\t\t\t\t\t<\/div>\n\t\t\t\t<\/div>\n\t\t\t\t<\/div>\n\t\t\t\t<\/div>\n\t\t\n\t\t\t\t\t\t<\/div>\n\t\t\t\t<\/div>\n\t\t\t\t\t<\/div>\n\t\t\t\t<\/div>\n\t\t<div class=\"e-con-top elementor-element elementor-element-6bb155e e-flex e-con-boxed elementor-invisible e-con e-parent\" data-id=\"6bb155e\" data-element_type=\"container\" data-e-type=\"container\" data-settings=\"{&quot;animation&quot;:&quot;fadeInUp&quot;}\">\n\t\t\t\t\t<div class=\"e-con-inner\">\n\t\t\t\t<div class=\"elementor-element elementor-element-ec56d04 elementor-widget elementor-widget-heading\" data-id=\"ec56d04\" data-element_type=\"widget\" data-e-type=\"widget\" data-widget_type=\"heading.default\">\n\t\t\t\t<div class=\"elementor-widget-container\">\n\t\t\t\t\t<h2 class=\"elementor-heading-title elementor-size-default\">ShoreTension\u00ae mantiene todas las l\u00edneas de amarre a la misma tensi\u00f3n constante<\/h2>\t\t\t\t<\/div>\n\t\t\t\t<\/div>\n\t\t\t\t\t<\/div>\n\t\t\t\t<\/div>\n\t\t<div class=\"e-con-top elementor-element elementor-element-c07cb42 rey-section-stretched r-con-cols3 r-con-cols2 r-con-cols1 e-flex e-con-boxed elementor-invisible e-con e-parent\" data-id=\"c07cb42\" data-element_type=\"container\" data-e-type=\"container\" data-settings=\"{&quot;background_background&quot;:&quot;classic&quot;,&quot;animation&quot;:&quot;fadeInUp&quot;}\">\n\t\t\t\t\t<div class=\"e-con-inner\">\n\t\t<div class=\"elementor-element elementor-element-7c41610 e-flex e-con-boxed e-con e-child\" data-id=\"7c41610\" data-element_type=\"container\" data-e-type=\"container\" data-settings=\"{&quot;background_background&quot;:&quot;classic&quot;}\">\n\t\t\t\t\t<div class=\"e-con-inner\">\n\t\t\t\t<div class=\"elementor-element elementor-element-b63cc81 elementor-widget elementor-widget-heading\" data-id=\"b63cc81\" data-element_type=\"widget\" data-e-type=\"widget\" data-widget_type=\"heading.default\">\n\t\t\t\t<div class=\"elementor-widget-container\">\n\t\t\t\t\t<h4 class=\"elementor-heading-title elementor-size-default\">Quiero m\u00e1s informaci\u00f3n sobre las posibilidades del sistema ShoreTension<\/h4>\t\t\t\t<\/div>\n\t\t\t\t<\/div>\n\t\t\t\t<div class=\"elementor-element elementor-element-1c98eda --icon-style-aoh elementor-widget elementor-widget-button\" data-id=\"1c98eda\" data-element_type=\"widget\" data-e-type=\"widget\" data-widget_type=\"button.default\">\n\t\t\t\t<div class=\"elementor-widget-container\">\n\t\t\t\t\t\t\t\t\t<div class=\"elementor-button-wrapper\">\n\t\t\t\t\t<a class=\"elementor-button elementor-button-link elementor-size-sm\" href=\"https:\/\/shoretension.com\/contact\/\">\n\t\t\t\t\t\t<span class=\"elementor-button-content-wrapper\">\n\t\t\t\t\t\t<span class=\"elementor-button-icon\">\n\t\t\t\t<svg xmlns=\"http:\/\/www.w3.org\/2000\/svg\" id=\"Laag_1\" data-name=\"Laag 1\" viewBox=\"0 0 27.81 23.09\"><defs><style>      .wit {        fill: #ffffff;        stroke-width: 0px;      }    <\/style><\/defs><path class=\"wit\" d=\"M16.33.14l-1.05,1.05,9.61,9.61H.34v1.48h24.29l-9.61,9.62,1.05,1.04,11.53-11.53L16.33.14ZM25.5,11.4h0s0,0,0,0h0Z\"><\/path><\/svg>\t\t\t<\/span>\n\t\t\t\t\t\t\t\t\t<span class=\"elementor-button-text\">Contactar conmigo<\/span>\n\t\t\t\t\t<\/span>\n\t\t\t\t\t<\/a>\n\t\t\t\t<\/div>\n\t\t\t\t\t\t\t\t<\/div>\n\t\t\t\t<\/div>\n\t\t\t\t\t<\/div>\n\t\t\t\t<\/div>\n\t\t\t\t\t<\/div>\n\t\t\t\t<\/div>\n\t\t\t\t<\/div>\n\t\t","protected":false},"excerpt":{"rendered":"<p>Publicaciones m\u00e1s recientes ShoreTension\u00ae mantiene todas las l\u00edneas de amarre a la misma tensi\u00f3n constante Quiero m\u00e1s informaci\u00f3n sobre las posibilidades del sistema ShoreTension Contactar conmigo<\/p>\n","protected":false},"author":2,"featured_media":0,"parent":0,"menu_order":0,"comment_status":"closed","ping_status":"closed","template":"","meta":{"_acf_changed":false,"footnotes":""},"class_list":["post-2277","page","type-page","status-publish","hentry"],"acf":[],"_links":{"self":[{"href":"https:\/\/shoretension.com\/es\/wp-json\/wp\/v2\/pages\/2277","targetHints":{"allow":["GET"]}}],"collection":[{"href":"https:\/\/shoretension.com\/es\/wp-json\/wp\/v2\/pages"}],"about":[{"href":"https:\/\/shoretension.com\/es\/wp-json\/wp\/v2\/types\/page"}],"author":[{"embeddable":true,"href":"https:\/\/shoretension.com\/es\/wp-json\/wp\/v2\/users\/2"}],"replies":[{"embeddable":true,"href":"https:\/\/shoretension.com\/es\/wp-json\/wp\/v2\/comments?post=2277"}],"version-history":[{"count":7,"href":"https:\/\/shoretension.com\/es\/wp-json\/wp\/v2\/pages\/2277\/revisions"}],"predecessor-version":[{"id":2284,"href":"https:\/\/shoretension.com\/es\/wp-json\/wp\/v2\/pages\/2277\/revisions\/2284"}],"wp:attachment":[{"href":"https:\/\/shoretension.com\/es\/wp-json\/wp\/v2\/media?parent=2277"}],"curies":[{"name":"wp","href":"https:\/\/api.w.org\/{rel}","templated":true}]}}